{"id":9913,"date":"2025-03-18T11:00:26","date_gmt":"2025-03-18T10:00:26","guid":{"rendered":"https:\/\/novafrigo.it\/prodotto\/co2-cool-bi-block-unita-bi-block-co2-transcritiche\/"},"modified":"2025-03-18T16:48:44","modified_gmt":"2025-03-18T15:48:44","slug":"co2-cool-bi-block-unita-bi-block-co2-transcritiche","status":"publish","type":"product","link":"https:\/\/novafrigo.it\/es\/producto\/co2-cool-bi-block-unita-bi-block-co2-transcritiche\/","title":{"rendered":"CO2 Cool Bi-Block &#8211; Unit\u00e0 Bi-Block Co2 Transcritiche"},"content":{"rendered":"<a class=\"button  button_full_width button_size_1\" href=\"https:\/\/novafrigo.it\/wp-content\/uploads\/2025\/03\/CO2-BI-BLOCKS.pdf\"     target=\"_blank\"    title=\"\"><span class=\"button_label\">Descarga el folleto<\/span><\/a>\n\n<a class=\"button  button_full_width button_size_1\" href=\"https:\/\/novafrigo.ideasw.net\/NovaFrigo\/Account\/Login?ReturnUrl=%2FNovaFrigo%2F\"     target=\"_blank\"    title=\"\"><span class=\"button_label\">Ve al software de selecci\u00f3n<\/span><\/a>\n\n","protected":false},"excerpt":{"rendered":"<p>La gama CO2cool-Bi-Block, desarrollada por Nova Frigo Engineering para aplicaciones de temperatura normal (TN) y baja temperatura (BT), est\u00e1 compuesta por unidades condensadoras con R744 para funcionamiento transcr\u00edtico, conectadas a un evaporador ventilado para refrigerar una c\u00e1mara frigor\u00edfica. Cada modelo est\u00e1 equipado con un \u00fanico compresor semiherm\u00e9tico de pist\u00f3n gestionado por un inversor, con capacidades de 6 a 44 kW en temperatura media y de 2,8 a 27 kW en baja temperatura.<\/p>\n<p>El sistema se compone, adem\u00e1s de la unidad condensadora y el evaporador, de una v\u00e1lvula de expansi\u00f3n electr\u00f3nica que se ensambla en el evaporador y de sondas de gesti\u00f3n.<\/p>\n<p>El cuadro el\u00e9ctrico de la unidad condensadora tambi\u00e9n suministra energ\u00eda al evaporador y est\u00e1 equipado con un controlador electr\u00f3nico de \u00faltima generaci\u00f3n capaz de gestionar no solo la unidad condensadora, sino tambi\u00e9n el evaporador y sus ciclos de desescarche, la v\u00e1lvula de expansi\u00f3n electr\u00f3nica y las funcionalidades de la c\u00e1mara, como la gesti\u00f3n del microinterruptor de la puerta.<\/p>\n","protected":false},"featured_media":9916,"template":"","meta":[],"product_brand":[],"product_cat":[184],"product_tag":[191,202],"class_list":{"0":"post-9913","1":"product","2":"type-product","3":"status-publish","4":"has-post-thumbnail","6":"product_cat-refrigeracion-comercial","7":"product_tag-co2-es","8":"product_tag-r744-es","10":"first","11":"instock","12":"shipping-taxable","13":"product-type-simple"},"yoast_head":"<!-- This site is optimized with the Yoast SEO plugin v27.3 - https:\/\/yoast.com\/product\/yoast-seo-wordpress\/ -->\n<title>CO2 Cool Bi-Block - Unit\u00e0 Bi-Block Co2 Transcritiche - Novafrigo<\/title>\n<meta name=\"description\" content=\"La gama est\u00e1 compuesta por unidades condensadoras con R744 para funcionamiento transcr\u00edtico, conectadas a un evaporador ventilado para refrigerar una c\u00e1mara frigor\u00edfica\" \/>\n<meta name=\"robots\" content=\"index, follow, max-snippet:-1, max-image-preview:large, max-video-preview:-1\" \/>\n<link rel=\"canonical\" href=\"https:\/\/novafrigo.it\/es\/producto\/co2-cool-bi-block-unita-bi-block-co2-transcritiche\/\" \/>\n<meta property=\"og:locale\" content=\"es_ES\" \/>\n<meta property=\"og:type\" content=\"article\" \/>\n<meta property=\"og:title\" content=\"CO2 Cool Bi-Block - Unit\u00e0 Bi-Block Co2 Transcritiche - Novafrigo\" \/>\n<meta property=\"og:description\" content=\"La gama est\u00e1 compuesta por unidades condensadoras con R744 para funcionamiento transcr\u00edtico, conectadas a un evaporador ventilado para refrigerar una c\u00e1mara frigor\u00edfica\" \/>\n<meta property=\"og:url\" content=\"https:\/\/novafrigo.it\/es\/producto\/co2-cool-bi-block-unita-bi-block-co2-transcritiche\/\" \/>\n<meta property=\"og:site_name\" content=\"Novafrigo\" \/>\n<meta property=\"article:modified_time\" content=\"2025-03-18T15:48:44+00:00\" \/>\n<meta property=\"og:image\" content=\"https:\/\/novafrigo.it\/wp-content\/uploads\/2025\/03\/CO2-Bi-Blocks.jpg\" \/>\n\t<meta property=\"og:image:width\" content=\"1500\" \/>\n\t<meta property=\"og:image:height\" content=\"1500\" \/>\n\t<meta property=\"og:image:type\" content=\"image\/jpeg\" \/>\n<meta name=\"twitter:card\" content=\"summary_large_image\" \/>\n<meta name=\"twitter:label1\" content=\"Tiempo de lectura\" \/>\n\t<meta name=\"twitter:data1\" content=\"1 minuto\" \/>\n<script type=\"application\/ld+json\" class=\"yoast-schema-graph\">{\"@context\":\"https:\\\/\\\/schema.org\",\"@graph\":[{\"@type\":\"WebPage\",\"@id\":\"https:\\\/\\\/novafrigo.it\\\/es\\\/producto\\\/co2-cool-bi-block-unita-bi-block-co2-transcritiche\\\/\",\"url\":\"https:\\\/\\\/novafrigo.it\\\/es\\\/producto\\\/co2-cool-bi-block-unita-bi-block-co2-transcritiche\\\/\",\"name\":\"CO2 Cool Bi-Block - Unit\u00e0 Bi-Block Co2 Transcritiche - Novafrigo\",\"isPartOf\":{\"@id\":\"https:\\\/\\\/novafrigo.it\\\/es\\\/#website\"},\"primaryImageOfPage\":{\"@id\":\"https:\\\/\\\/novafrigo.it\\\/es\\\/producto\\\/co2-cool-bi-block-unita-bi-block-co2-transcritiche\\\/#primaryimage\"},\"image\":{\"@id\":\"https:\\\/\\\/novafrigo.it\\\/es\\\/producto\\\/co2-cool-bi-block-unita-bi-block-co2-transcritiche\\\/#primaryimage\"},\"thumbnailUrl\":\"https:\\\/\\\/novafrigo.it\\\/wp-content\\\/uploads\\\/2025\\\/03\\\/CO2-Bi-Blocks.jpg\",\"datePublished\":\"2025-03-18T10:00:26+00:00\",\"dateModified\":\"2025-03-18T15:48:44+00:00\",\"description\":\"La gama est\u00e1 compuesta por unidades condensadoras con R744 para funcionamiento transcr\u00edtico, conectadas a un evaporador ventilado para refrigerar una c\u00e1mara frigor\u00edfica\",\"breadcrumb\":{\"@id\":\"https:\\\/\\\/novafrigo.it\\\/es\\\/producto\\\/co2-cool-bi-block-unita-bi-block-co2-transcritiche\\\/#breadcrumb\"},\"inLanguage\":\"es\",\"potentialAction\":[{\"@type\":\"ReadAction\",\"target\":[\"https:\\\/\\\/novafrigo.it\\\/es\\\/producto\\\/co2-cool-bi-block-unita-bi-block-co2-transcritiche\\\/\"]}]},{\"@type\":\"ImageObject\",\"inLanguage\":\"es\",\"@id\":\"https:\\\/\\\/novafrigo.it\\\/es\\\/producto\\\/co2-cool-bi-block-unita-bi-block-co2-transcritiche\\\/#primaryimage\",\"url\":\"https:\\\/\\\/novafrigo.it\\\/wp-content\\\/uploads\\\/2025\\\/03\\\/CO2-Bi-Blocks.jpg\",\"contentUrl\":\"https:\\\/\\\/novafrigo.it\\\/wp-content\\\/uploads\\\/2025\\\/03\\\/CO2-Bi-Blocks.jpg\",\"width\":1500,\"height\":1500},{\"@type\":\"BreadcrumbList\",\"@id\":\"https:\\\/\\\/novafrigo.it\\\/es\\\/producto\\\/co2-cool-bi-block-unita-bi-block-co2-transcritiche\\\/#breadcrumb\",\"itemListElement\":[{\"@type\":\"ListItem\",\"position\":1,\"name\":\"Home\",\"item\":\"https:\\\/\\\/novafrigo.it\\\/es\\\/\"},{\"@type\":\"ListItem\",\"position\":2,\"name\":\"Shop\",\"item\":\"https:\\\/\\\/novafrigo.it\\\/negozio\\\/\"},{\"@type\":\"ListItem\",\"position\":3,\"name\":\"CO2 Cool Bi-Block &#8211; Unit\u00e0 Bi-Block Co2 Transcritiche\"}]},{\"@type\":\"WebSite\",\"@id\":\"https:\\\/\\\/novafrigo.it\\\/es\\\/#website\",\"url\":\"https:\\\/\\\/novafrigo.it\\\/es\\\/\",\"name\":\"Novafrigo\",\"description\":\"Industrial Refrigeration\",\"publisher\":{\"@id\":\"https:\\\/\\\/novafrigo.it\\\/es\\\/#organization\"},\"potentialAction\":[{\"@type\":\"SearchAction\",\"target\":{\"@type\":\"EntryPoint\",\"urlTemplate\":\"https:\\\/\\\/novafrigo.it\\\/es\\\/?s={search_term_string}\"},\"query-input\":{\"@type\":\"PropertyValueSpecification\",\"valueRequired\":true,\"valueName\":\"search_term_string\"}}],\"inLanguage\":\"es\"},{\"@type\":\"Organization\",\"@id\":\"https:\\\/\\\/novafrigo.it\\\/es\\\/#organization\",\"name\":\"Nova Frigo\",\"url\":\"https:\\\/\\\/novafrigo.it\\\/es\\\/\",\"logo\":{\"@type\":\"ImageObject\",\"inLanguage\":\"es\",\"@id\":\"https:\\\/\\\/novafrigo.it\\\/es\\\/#\\\/schema\\\/logo\\\/image\\\/\",\"url\":\"https:\\\/\\\/novafrigo.it\\\/wp-content\\\/uploads\\\/2024\\\/05\\\/favicon-apple.png\",\"contentUrl\":\"https:\\\/\\\/novafrigo.it\\\/wp-content\\\/uploads\\\/2024\\\/05\\\/favicon-apple.png\",\"width\":180,\"height\":180,\"caption\":\"Nova Frigo\"},\"image\":{\"@id\":\"https:\\\/\\\/novafrigo.it\\\/es\\\/#\\\/schema\\\/logo\\\/image\\\/\"},\"sameAs\":[\"https:\\\/\\\/www.linkedin.com\\\/in\\\/nova-frigo-engineering\\\/\"]}]}<\/script>\n<!-- \/ Yoast SEO plugin. -->","yoast_head_json":{"title":"CO2 Cool Bi-Block - Unit\u00e0 Bi-Block Co2 Transcritiche - Novafrigo","description":"La gama est\u00e1 compuesta por unidades condensadoras con R744 para funcionamiento transcr\u00edtico, conectadas a un evaporador ventilado para refrigerar una c\u00e1mara frigor\u00edfica","robots":{"index":"index","follow":"follow","max-snippet":"max-snippet:-1","max-image-preview":"max-image-preview:large","max-video-preview":"max-video-preview:-1"},"canonical":"https:\/\/novafrigo.it\/es\/producto\/co2-cool-bi-block-unita-bi-block-co2-transcritiche\/","og_locale":"es_ES","og_type":"article","og_title":"CO2 Cool Bi-Block - Unit\u00e0 Bi-Block Co2 Transcritiche - Novafrigo","og_description":"La gama est\u00e1 compuesta por unidades condensadoras con R744 para funcionamiento transcr\u00edtico, conectadas a un evaporador ventilado para refrigerar una c\u00e1mara frigor\u00edfica","og_url":"https:\/\/novafrigo.it\/es\/producto\/co2-cool-bi-block-unita-bi-block-co2-transcritiche\/","og_site_name":"Novafrigo","article_modified_time":"2025-03-18T15:48:44+00:00","og_image":[{"width":1500,"height":1500,"url":"https:\/\/novafrigo.it\/wp-content\/uploads\/2025\/03\/CO2-Bi-Blocks.jpg","type":"image\/jpeg"}],"twitter_card":"summary_large_image","twitter_misc":{"Tiempo de lectura":"1 minuto"},"schema":{"@context":"https:\/\/schema.org","@graph":[{"@type":"WebPage","@id":"https:\/\/novafrigo.it\/es\/producto\/co2-cool-bi-block-unita-bi-block-co2-transcritiche\/","url":"https:\/\/novafrigo.it\/es\/producto\/co2-cool-bi-block-unita-bi-block-co2-transcritiche\/","name":"CO2 Cool Bi-Block - Unit\u00e0 Bi-Block Co2 Transcritiche - Novafrigo","isPartOf":{"@id":"https:\/\/novafrigo.it\/es\/#website"},"primaryImageOfPage":{"@id":"https:\/\/novafrigo.it\/es\/producto\/co2-cool-bi-block-unita-bi-block-co2-transcritiche\/#primaryimage"},"image":{"@id":"https:\/\/novafrigo.it\/es\/producto\/co2-cool-bi-block-unita-bi-block-co2-transcritiche\/#primaryimage"},"thumbnailUrl":"https:\/\/novafrigo.it\/wp-content\/uploads\/2025\/03\/CO2-Bi-Blocks.jpg","datePublished":"2025-03-18T10:00:26+00:00","dateModified":"2025-03-18T15:48:44+00:00","description":"La gama est\u00e1 compuesta por unidades condensadoras con R744 para funcionamiento transcr\u00edtico, conectadas a un evaporador ventilado para refrigerar una c\u00e1mara frigor\u00edfica","breadcrumb":{"@id":"https:\/\/novafrigo.it\/es\/producto\/co2-cool-bi-block-unita-bi-block-co2-transcritiche\/#breadcrumb"},"inLanguage":"es","potentialAction":[{"@type":"ReadAction","target":["https:\/\/novafrigo.it\/es\/producto\/co2-cool-bi-block-unita-bi-block-co2-transcritiche\/"]}]},{"@type":"ImageObject","inLanguage":"es","@id":"https:\/\/novafrigo.it\/es\/producto\/co2-cool-bi-block-unita-bi-block-co2-transcritiche\/#primaryimage","url":"https:\/\/novafrigo.it\/wp-content\/uploads\/2025\/03\/CO2-Bi-Blocks.jpg","contentUrl":"https:\/\/novafrigo.it\/wp-content\/uploads\/2025\/03\/CO2-Bi-Blocks.jpg","width":1500,"height":1500},{"@type":"BreadcrumbList","@id":"https:\/\/novafrigo.it\/es\/producto\/co2-cool-bi-block-unita-bi-block-co2-transcritiche\/#breadcrumb","itemListElement":[{"@type":"ListItem","position":1,"name":"Home","item":"https:\/\/novafrigo.it\/es\/"},{"@type":"ListItem","position":2,"name":"Shop","item":"https:\/\/novafrigo.it\/negozio\/"},{"@type":"ListItem","position":3,"name":"CO2 Cool Bi-Block &#8211; Unit\u00e0 Bi-Block Co2 Transcritiche"}]},{"@type":"WebSite","@id":"https:\/\/novafrigo.it\/es\/#website","url":"https:\/\/novafrigo.it\/es\/","name":"Novafrigo","description":"Industrial Refrigeration","publisher":{"@id":"https:\/\/novafrigo.it\/es\/#organization"},"potentialAction":[{"@type":"SearchAction","target":{"@type":"EntryPoint","urlTemplate":"https:\/\/novafrigo.it\/es\/?s={search_term_string}"},"query-input":{"@type":"PropertyValueSpecification","valueRequired":true,"valueName":"search_term_string"}}],"inLanguage":"es"},{"@type":"Organization","@id":"https:\/\/novafrigo.it\/es\/#organization","name":"Nova Frigo","url":"https:\/\/novafrigo.it\/es\/","logo":{"@type":"ImageObject","inLanguage":"es","@id":"https:\/\/novafrigo.it\/es\/#\/schema\/logo\/image\/","url":"https:\/\/novafrigo.it\/wp-content\/uploads\/2024\/05\/favicon-apple.png","contentUrl":"https:\/\/novafrigo.it\/wp-content\/uploads\/2024\/05\/favicon-apple.png","width":180,"height":180,"caption":"Nova Frigo"},"image":{"@id":"https:\/\/novafrigo.it\/es\/#\/schema\/logo\/image\/"},"sameAs":["https:\/\/www.linkedin.com\/in\/nova-frigo-engineering\/"]}]}},"_links":{"self":[{"href":"https:\/\/novafrigo.it\/es\/wp-json\/wp\/v2\/product\/9913","targetHints":{"allow":["GET"]}}],"collection":[{"href":"https:\/\/novafrigo.it\/es\/wp-json\/wp\/v2\/product"}],"about":[{"href":"https:\/\/novafrigo.it\/es\/wp-json\/wp\/v2\/types\/product"}],"wp:featuredmedia":[{"embeddable":true,"href":"https:\/\/novafrigo.it\/es\/wp-json\/wp\/v2\/media\/9916"}],"wp:attachment":[{"href":"https:\/\/novafrigo.it\/es\/wp-json\/wp\/v2\/media?parent=9913"}],"wp:term":[{"taxonomy":"product_brand","embeddable":true,"href":"https:\/\/novafrigo.it\/es\/wp-json\/wp\/v2\/product_brand?post=9913"},{"taxonomy":"product_cat","embeddable":true,"href":"https:\/\/novafrigo.it\/es\/wp-json\/wp\/v2\/product_cat?post=9913"},{"taxonomy":"product_tag","embeddable":true,"href":"https:\/\/novafrigo.it\/es\/wp-json\/wp\/v2\/product_tag?post=9913"}],"curies":[{"name":"wp","href":"https:\/\/api.w.org\/{rel}","templated":true}]}}