{"id":9908,"date":"2025-03-18T11:02:05","date_gmt":"2025-03-18T10:02:05","guid":{"rendered":"https:\/\/novafrigo.it\/prodotto\/mini-chiller-r290-refrigeratori-di-liquido-condensati-ad-aria\/"},"modified":"2025-03-18T11:45:51","modified_gmt":"2025-03-18T10:45:51","slug":"mini-chiller-r290-refrigeratori-di-liquido-condensati-ad-aria","status":"publish","type":"product","link":"https:\/\/novafrigo.it\/es\/producto\/mini-chiller-r290-refrigeratori-di-liquido-condensati-ad-aria\/","title":{"rendered":"Mini chiller R290 &#8211; Refrigeradores de l\u00edquido condensados por aire"},"content":{"rendered":"<a class=\"button  button_full_width button_size_1\" href=\"https:\/\/novafrigo.it\/wp-content\/uploads\/2025\/03\/MINI-CHILLERS-R290.pdf\"     target=\"_blank\"    title=\"\"><span class=\"button_label\">Descarga el folleto<\/span><\/a>\n\n<a class=\"button  button_full_width button_size_1\" href=\"https:\/\/novafrigo.ideasw.net\/NovaFrigo\/Account\/Login?ReturnUrl=%2FNovaFrigo%2F\"     target=\"_blank\"    title=\"\"><span class=\"button_label\">Ve al software de selecci\u00f3n<\/span><\/a>\n\n","protected":false},"excerpt":{"rendered":"<p>La gama Mini-Chiller R290, desarrollada por Nova Frigo Engineering, est\u00e1 compuesta por refrigeradores de l\u00edquido condensados por aire de alta eficiencia energ\u00e9tica, dise\u00f1ados para enfriar un l\u00edquido destinado a la refrigeraci\u00f3n de c\u00e1maras frigor\u00edficas a temperatura positiva mediante aero-refrigeradores.  <\/p>\n<p>Las unidades son enfriadores compactos, dise\u00f1ados para su instalaci\u00f3n en exteriores, con compresores scroll que permiten minimizar el nivel de ruido. Est\u00e1n dise\u00f1adas con especificaciones que garantizan una alta eficiencia energ\u00e9tica y aseguran el funcionamiento incluso con temperaturas exteriores elevadas. Opcionalmente, las unidades pueden equiparse con un kit hidr\u00f3nico remoto que incluye una electrobomba y un tanque interno, as\u00ed como con un aero-refrigerador para enfriar una c\u00e1mara frigor\u00edfica conectada.<\/p>\n","protected":false},"featured_media":9911,"template":"","meta":[],"product_brand":[],"product_cat":[184],"product_tag":[194],"class_list":{"0":"post-9908","1":"product","2":"type-product","3":"status-publish","4":"has-post-thumbnail","6":"product_cat-refrigeracion-comercial","7":"product_tag-r290-es","9":"first","10":"instock","11":"shipping-taxable","12":"product-type-simple"},"yoast_head":"<!-- This site is optimized with the Yoast SEO plugin v27.3 - https:\/\/yoast.com\/product\/yoast-seo-wordpress\/ -->\n<title>Mini chiller R290 - Refrigeradores de l\u00edquido condensados por aire - Novafrigo<\/title>\n<meta name=\"description\" content=\"Refrigeradores de l\u00edquido condensados por aire de alta eficiencia energ\u00e9tica, dise\u00f1ados para enfriar un l\u00edquido destinado a la refrigeraci\u00f3n de c\u00e1maras frigor\u00edficas a temperatura positiva mediante aero-refrigeradores.\" \/>\n<meta name=\"robots\" content=\"index, follow, max-snippet:-1, max-image-preview:large, max-video-preview:-1\" \/>\n<link rel=\"canonical\" href=\"https:\/\/novafrigo.it\/es\/producto\/mini-chiller-r290-refrigeratori-di-liquido-condensati-ad-aria\/\" \/>\n<meta property=\"og:locale\" content=\"es_ES\" \/>\n<meta property=\"og:type\" content=\"article\" \/>\n<meta property=\"og:title\" content=\"Mini chiller R290 - Refrigeradores de l\u00edquido condensados por aire - Novafrigo\" \/>\n<meta property=\"og:description\" content=\"Refrigeradores de l\u00edquido condensados por aire de alta eficiencia energ\u00e9tica, dise\u00f1ados para enfriar un l\u00edquido destinado a la refrigeraci\u00f3n de c\u00e1maras frigor\u00edficas a temperatura positiva mediante aero-refrigeradores.\" \/>\n<meta property=\"og:url\" content=\"https:\/\/novafrigo.it\/es\/producto\/mini-chiller-r290-refrigeratori-di-liquido-condensati-ad-aria\/\" \/>\n<meta property=\"og:site_name\" content=\"Novafrigo\" \/>\n<meta property=\"article:modified_time\" content=\"2025-03-18T10:45:51+00:00\" \/>\n<meta property=\"og:image\" content=\"https:\/\/novafrigo.it\/wp-content\/uploads\/2025\/03\/Mini-Chillers-R290.jpg\" \/>\n\t<meta property=\"og:image:width\" content=\"1500\" \/>\n\t<meta property=\"og:image:height\" content=\"1500\" \/>\n\t<meta property=\"og:image:type\" content=\"image\/jpeg\" \/>\n<meta name=\"twitter:card\" content=\"summary_large_image\" \/>\n<meta name=\"twitter:label1\" content=\"Tiempo de lectura\" \/>\n\t<meta name=\"twitter:data1\" content=\"1 minuto\" \/>\n<script type=\"application\/ld+json\" class=\"yoast-schema-graph\">{\"@context\":\"https:\\\/\\\/schema.org\",\"@graph\":[{\"@type\":\"WebPage\",\"@id\":\"https:\\\/\\\/novafrigo.it\\\/es\\\/producto\\\/mini-chiller-r290-refrigeratori-di-liquido-condensati-ad-aria\\\/\",\"url\":\"https:\\\/\\\/novafrigo.it\\\/es\\\/producto\\\/mini-chiller-r290-refrigeratori-di-liquido-condensati-ad-aria\\\/\",\"name\":\"Mini chiller R290 - Refrigeradores de l\u00edquido condensados por aire - Novafrigo\",\"isPartOf\":{\"@id\":\"https:\\\/\\\/novafrigo.it\\\/es\\\/#website\"},\"primaryImageOfPage\":{\"@id\":\"https:\\\/\\\/novafrigo.it\\\/es\\\/producto\\\/mini-chiller-r290-refrigeratori-di-liquido-condensati-ad-aria\\\/#primaryimage\"},\"image\":{\"@id\":\"https:\\\/\\\/novafrigo.it\\\/es\\\/producto\\\/mini-chiller-r290-refrigeratori-di-liquido-condensati-ad-aria\\\/#primaryimage\"},\"thumbnailUrl\":\"https:\\\/\\\/novafrigo.it\\\/wp-content\\\/uploads\\\/2025\\\/03\\\/Mini-Chillers-R290.jpg\",\"datePublished\":\"2025-03-18T10:02:05+00:00\",\"dateModified\":\"2025-03-18T10:45:51+00:00\",\"description\":\"Refrigeradores de l\u00edquido condensados por aire de alta eficiencia energ\u00e9tica, dise\u00f1ados para enfriar un l\u00edquido destinado a la refrigeraci\u00f3n de c\u00e1maras frigor\u00edficas a temperatura positiva mediante aero-refrigeradores.\",\"breadcrumb\":{\"@id\":\"https:\\\/\\\/novafrigo.it\\\/es\\\/producto\\\/mini-chiller-r290-refrigeratori-di-liquido-condensati-ad-aria\\\/#breadcrumb\"},\"inLanguage\":\"es\",\"potentialAction\":[{\"@type\":\"ReadAction\",\"target\":[\"https:\\\/\\\/novafrigo.it\\\/es\\\/producto\\\/mini-chiller-r290-refrigeratori-di-liquido-condensati-ad-aria\\\/\"]}]},{\"@type\":\"ImageObject\",\"inLanguage\":\"es\",\"@id\":\"https:\\\/\\\/novafrigo.it\\\/es\\\/producto\\\/mini-chiller-r290-refrigeratori-di-liquido-condensati-ad-aria\\\/#primaryimage\",\"url\":\"https:\\\/\\\/novafrigo.it\\\/wp-content\\\/uploads\\\/2025\\\/03\\\/Mini-Chillers-R290.jpg\",\"contentUrl\":\"https:\\\/\\\/novafrigo.it\\\/wp-content\\\/uploads\\\/2025\\\/03\\\/Mini-Chillers-R290.jpg\",\"width\":1500,\"height\":1500},{\"@type\":\"BreadcrumbList\",\"@id\":\"https:\\\/\\\/novafrigo.it\\\/es\\\/producto\\\/mini-chiller-r290-refrigeratori-di-liquido-condensati-ad-aria\\\/#breadcrumb\",\"itemListElement\":[{\"@type\":\"ListItem\",\"position\":1,\"name\":\"Home\",\"item\":\"https:\\\/\\\/novafrigo.it\\\/es\\\/\"},{\"@type\":\"ListItem\",\"position\":2,\"name\":\"Shop\",\"item\":\"https:\\\/\\\/novafrigo.it\\\/negozio\\\/\"},{\"@type\":\"ListItem\",\"position\":3,\"name\":\"Mini chiller R290 &#8211; Refrigeradores de l\u00edquido condensados por aire\"}]},{\"@type\":\"WebSite\",\"@id\":\"https:\\\/\\\/novafrigo.it\\\/es\\\/#website\",\"url\":\"https:\\\/\\\/novafrigo.it\\\/es\\\/\",\"name\":\"Novafrigo\",\"description\":\"Industrial Refrigeration\",\"publisher\":{\"@id\":\"https:\\\/\\\/novafrigo.it\\\/es\\\/#organization\"},\"potentialAction\":[{\"@type\":\"SearchAction\",\"target\":{\"@type\":\"EntryPoint\",\"urlTemplate\":\"https:\\\/\\\/novafrigo.it\\\/es\\\/?s={search_term_string}\"},\"query-input\":{\"@type\":\"PropertyValueSpecification\",\"valueRequired\":true,\"valueName\":\"search_term_string\"}}],\"inLanguage\":\"es\"},{\"@type\":\"Organization\",\"@id\":\"https:\\\/\\\/novafrigo.it\\\/es\\\/#organization\",\"name\":\"Nova Frigo\",\"url\":\"https:\\\/\\\/novafrigo.it\\\/es\\\/\",\"logo\":{\"@type\":\"ImageObject\",\"inLanguage\":\"es\",\"@id\":\"https:\\\/\\\/novafrigo.it\\\/es\\\/#\\\/schema\\\/logo\\\/image\\\/\",\"url\":\"https:\\\/\\\/novafrigo.it\\\/wp-content\\\/uploads\\\/2024\\\/05\\\/favicon-apple.png\",\"contentUrl\":\"https:\\\/\\\/novafrigo.it\\\/wp-content\\\/uploads\\\/2024\\\/05\\\/favicon-apple.png\",\"width\":180,\"height\":180,\"caption\":\"Nova Frigo\"},\"image\":{\"@id\":\"https:\\\/\\\/novafrigo.it\\\/es\\\/#\\\/schema\\\/logo\\\/image\\\/\"},\"sameAs\":[\"https:\\\/\\\/www.linkedin.com\\\/in\\\/nova-frigo-engineering\\\/\"]}]}<\/script>\n<!-- \/ Yoast SEO plugin. -->","yoast_head_json":{"title":"Mini chiller R290 - Refrigeradores de l\u00edquido condensados por aire - Novafrigo","description":"Refrigeradores de l\u00edquido condensados por aire de alta eficiencia energ\u00e9tica, dise\u00f1ados para enfriar un l\u00edquido destinado a la refrigeraci\u00f3n de c\u00e1maras frigor\u00edficas a temperatura positiva mediante aero-refrigeradores.","robots":{"index":"index","follow":"follow","max-snippet":"max-snippet:-1","max-image-preview":"max-image-preview:large","max-video-preview":"max-video-preview:-1"},"canonical":"https:\/\/novafrigo.it\/es\/producto\/mini-chiller-r290-refrigeratori-di-liquido-condensati-ad-aria\/","og_locale":"es_ES","og_type":"article","og_title":"Mini chiller R290 - Refrigeradores de l\u00edquido condensados por aire - Novafrigo","og_description":"Refrigeradores de l\u00edquido condensados por aire de alta eficiencia energ\u00e9tica, dise\u00f1ados para enfriar un l\u00edquido destinado a la refrigeraci\u00f3n de c\u00e1maras frigor\u00edficas a temperatura positiva mediante aero-refrigeradores.","og_url":"https:\/\/novafrigo.it\/es\/producto\/mini-chiller-r290-refrigeratori-di-liquido-condensati-ad-aria\/","og_site_name":"Novafrigo","article_modified_time":"2025-03-18T10:45:51+00:00","og_image":[{"width":1500,"height":1500,"url":"https:\/\/novafrigo.it\/wp-content\/uploads\/2025\/03\/Mini-Chillers-R290.jpg","type":"image\/jpeg"}],"twitter_card":"summary_large_image","twitter_misc":{"Tiempo de lectura":"1 minuto"},"schema":{"@context":"https:\/\/schema.org","@graph":[{"@type":"WebPage","@id":"https:\/\/novafrigo.it\/es\/producto\/mini-chiller-r290-refrigeratori-di-liquido-condensati-ad-aria\/","url":"https:\/\/novafrigo.it\/es\/producto\/mini-chiller-r290-refrigeratori-di-liquido-condensati-ad-aria\/","name":"Mini chiller R290 - Refrigeradores de l\u00edquido condensados por aire - Novafrigo","isPartOf":{"@id":"https:\/\/novafrigo.it\/es\/#website"},"primaryImageOfPage":{"@id":"https:\/\/novafrigo.it\/es\/producto\/mini-chiller-r290-refrigeratori-di-liquido-condensati-ad-aria\/#primaryimage"},"image":{"@id":"https:\/\/novafrigo.it\/es\/producto\/mini-chiller-r290-refrigeratori-di-liquido-condensati-ad-aria\/#primaryimage"},"thumbnailUrl":"https:\/\/novafrigo.it\/wp-content\/uploads\/2025\/03\/Mini-Chillers-R290.jpg","datePublished":"2025-03-18T10:02:05+00:00","dateModified":"2025-03-18T10:45:51+00:00","description":"Refrigeradores de l\u00edquido condensados por aire de alta eficiencia energ\u00e9tica, dise\u00f1ados para enfriar un l\u00edquido destinado a la refrigeraci\u00f3n de c\u00e1maras frigor\u00edficas a temperatura positiva mediante aero-refrigeradores.","breadcrumb":{"@id":"https:\/\/novafrigo.it\/es\/producto\/mini-chiller-r290-refrigeratori-di-liquido-condensati-ad-aria\/#breadcrumb"},"inLanguage":"es","potentialAction":[{"@type":"ReadAction","target":["https:\/\/novafrigo.it\/es\/producto\/mini-chiller-r290-refrigeratori-di-liquido-condensati-ad-aria\/"]}]},{"@type":"ImageObject","inLanguage":"es","@id":"https:\/\/novafrigo.it\/es\/producto\/mini-chiller-r290-refrigeratori-di-liquido-condensati-ad-aria\/#primaryimage","url":"https:\/\/novafrigo.it\/wp-content\/uploads\/2025\/03\/Mini-Chillers-R290.jpg","contentUrl":"https:\/\/novafrigo.it\/wp-content\/uploads\/2025\/03\/Mini-Chillers-R290.jpg","width":1500,"height":1500},{"@type":"BreadcrumbList","@id":"https:\/\/novafrigo.it\/es\/producto\/mini-chiller-r290-refrigeratori-di-liquido-condensati-ad-aria\/#breadcrumb","itemListElement":[{"@type":"ListItem","position":1,"name":"Home","item":"https:\/\/novafrigo.it\/es\/"},{"@type":"ListItem","position":2,"name":"Shop","item":"https:\/\/novafrigo.it\/negozio\/"},{"@type":"ListItem","position":3,"name":"Mini chiller R290 &#8211; Refrigeradores de l\u00edquido condensados por aire"}]},{"@type":"WebSite","@id":"https:\/\/novafrigo.it\/es\/#website","url":"https:\/\/novafrigo.it\/es\/","name":"Novafrigo","description":"Industrial Refrigeration","publisher":{"@id":"https:\/\/novafrigo.it\/es\/#organization"},"potentialAction":[{"@type":"SearchAction","target":{"@type":"EntryPoint","urlTemplate":"https:\/\/novafrigo.it\/es\/?s={search_term_string}"},"query-input":{"@type":"PropertyValueSpecification","valueRequired":true,"valueName":"search_term_string"}}],"inLanguage":"es"},{"@type":"Organization","@id":"https:\/\/novafrigo.it\/es\/#organization","name":"Nova Frigo","url":"https:\/\/novafrigo.it\/es\/","logo":{"@type":"ImageObject","inLanguage":"es","@id":"https:\/\/novafrigo.it\/es\/#\/schema\/logo\/image\/","url":"https:\/\/novafrigo.it\/wp-content\/uploads\/2024\/05\/favicon-apple.png","contentUrl":"https:\/\/novafrigo.it\/wp-content\/uploads\/2024\/05\/favicon-apple.png","width":180,"height":180,"caption":"Nova Frigo"},"image":{"@id":"https:\/\/novafrigo.it\/es\/#\/schema\/logo\/image\/"},"sameAs":["https:\/\/www.linkedin.com\/in\/nova-frigo-engineering\/"]}]}},"_links":{"self":[{"href":"https:\/\/novafrigo.it\/es\/wp-json\/wp\/v2\/product\/9908","targetHints":{"allow":["GET"]}}],"collection":[{"href":"https:\/\/novafrigo.it\/es\/wp-json\/wp\/v2\/product"}],"about":[{"href":"https:\/\/novafrigo.it\/es\/wp-json\/wp\/v2\/types\/product"}],"wp:featuredmedia":[{"embeddable":true,"href":"https:\/\/novafrigo.it\/es\/wp-json\/wp\/v2\/media\/9911"}],"wp:attachment":[{"href":"https:\/\/novafrigo.it\/es\/wp-json\/wp\/v2\/media?parent=9908"}],"wp:term":[{"taxonomy":"product_brand","embeddable":true,"href":"https:\/\/novafrigo.it\/es\/wp-json\/wp\/v2\/product_brand?post=9908"},{"taxonomy":"product_cat","embeddable":true,"href":"https:\/\/novafrigo.it\/es\/wp-json\/wp\/v2\/product_cat?post=9908"},{"taxonomy":"product_tag","embeddable":true,"href":"https:\/\/novafrigo.it\/es\/wp-json\/wp\/v2\/product_tag?post=9908"}],"curies":[{"name":"wp","href":"https:\/\/api.w.org\/{rel}","templated":true}]}}