{"id":9712,"date":"2024-06-28T10:58:26","date_gmt":"2024-06-28T08:58:26","guid":{"rendered":"https:\/\/novafrigo.it\/prodotto\/tsv-tsv-ad-termoconvettori-monoblocco-secchi-e-adiabatici\/"},"modified":"2025-03-18T16:52:13","modified_gmt":"2025-03-18T15:52:13","slug":"tsv-tsv-ad-termoconvectores-monobloque-secos-y-adiabaticos","status":"publish","type":"product","link":"https:\/\/novafrigo.it\/es\/producto\/tsv-tsv-ad-termoconvectores-monobloque-secos-y-adiabaticos\/","title":{"rendered":"TSV \/ TSV-AD: Termoconvectores monobloque secos y adiab\u00e1ticos"},"content":{"rendered":"<a class=\"button  button_full_width button_size_1\" href=\"https:\/\/novafrigo.it\/wp-content\/uploads\/2025\/01\/TSV-ITA-ING.pdf\"     target=\"_blank\"    title=\"\"><span class=\"button_label\">Descarga la ficha t\u00e9cnica<\/span><\/a>\n\n","protected":false},"excerpt":{"rendered":"<p>Los termoconvectores ortogonales de la serie <strong>TS-V<\/strong> est\u00e1n dise\u00f1ados y fabricados con un sistema innovador de doble bater\u00eda, capaz de satisfacer plenamente las necesidades de los operadores en el \u00e1mbito del enfriamiento industrial.<\/p>\n<p>Las capacidades de la nueva serie <strong>TS-V<\/strong> var\u00edan de 50 kW a 1000 kW en condiciones nominales. La extraordinaria potencia de estos <strong>DRYCOOLERS<\/strong> proviene de la combinaci\u00f3n \u00f3ptima de las nuevas aletas de aluminio de alta eficiencia con tubos de cobre y ventiladores de nueva generaci\u00f3n, dise\u00f1ados para generar altos caudales de aire con bajo consumo energ\u00e9tico y reducidas emisiones sonoras.<\/p>\n<p>La serie <strong>TS-V<\/strong> se caracteriza por un dise\u00f1o modular con carcasa de acero galvanizado pintada al horno, y puede incorporar hasta 18 ventiladores con diferentes niveles de eficiencia y potencia sonora, disponibles en configuraci\u00f3n de banco simple o doble.<\/p>\n","protected":false},"featured_media":9713,"template":"","meta":[],"product_brand":[],"product_cat":[177,181,179,180],"product_tag":[],"class_list":{"0":"post-9712","1":"product","2":"type-product","3":"status-publish","4":"has-post-thumbnail","6":"product_cat-agroalimentario","7":"product_cat-caucho-y-plastico","8":"product_cat-farmaceutico-es","9":"product_cat-galvanica-quimica-petrolero","11":"first","12":"instock","13":"shipping-taxable","14":"product-type-simple"},"yoast_head":"<!-- This site is optimized with the Yoast SEO plugin v27.3 - https:\/\/yoast.com\/product\/yoast-seo-wordpress\/ -->\n<title>TSV \/ TSV-AD: Termoconvectores monobloque secos y adiab\u00e1ticos - Novafrigo<\/title>\n<meta name=\"robots\" content=\"index, follow, max-snippet:-1, max-image-preview:large, max-video-preview:-1\" \/>\n<link rel=\"canonical\" href=\"https:\/\/novafrigo.it\/es\/producto\/tsv-tsv-ad-termoconvectores-monobloque-secos-y-adiabaticos\/\" \/>\n<meta property=\"og:locale\" content=\"es_ES\" \/>\n<meta property=\"og:type\" content=\"article\" \/>\n<meta property=\"og:title\" content=\"TSV \/ TSV-AD: Termoconvectores monobloque secos y adiab\u00e1ticos - Novafrigo\" \/>\n<meta property=\"og:description\" content=\"Los termoconvectores ortogonales de la serie TS-V est\u00e1n dise\u00f1ados y fabricados con un sistema innovador de doble bater\u00eda, capaz de satisfacer plenamente las necesidades de los operadores en el \u00e1mbito del enfriamiento industrial.  Las capacidades de la nueva serie TS-V var\u00edan de 50 kW a 1000 kW en condiciones nominales. La extraordinaria potencia de estos DRYCOOLERS proviene de la combinaci\u00f3n \u00f3ptima de las nuevas aletas de aluminio de alta eficiencia con tubos de cobre y ventiladores de nueva generaci\u00f3n, dise\u00f1ados para generar altos caudales de aire con bajo consumo energ\u00e9tico y reducidas emisiones sonoras.  La serie TS-V se caracteriza por un dise\u00f1o modular con carcasa de acero galvanizado pintada al horno, y puede incorporar hasta 18 ventiladores con diferentes niveles de eficiencia y potencia sonora, disponibles en configuraci\u00f3n de banco simple o doble.\" \/>\n<meta property=\"og:url\" content=\"https:\/\/novafrigo.it\/es\/producto\/tsv-tsv-ad-termoconvectores-monobloque-secos-y-adiabaticos\/\" \/>\n<meta property=\"og:site_name\" content=\"Novafrigo\" \/>\n<meta property=\"article:modified_time\" content=\"2025-03-18T15:52:13+00:00\" \/>\n<meta property=\"og:image\" content=\"https:\/\/novafrigo.it\/wp-content\/uploads\/2024\/04\/TSV.jpg\" \/>\n\t<meta property=\"og:image:width\" content=\"1500\" \/>\n\t<meta property=\"og:image:height\" content=\"1500\" \/>\n\t<meta property=\"og:image:type\" content=\"image\/jpeg\" \/>\n<meta name=\"twitter:card\" content=\"summary_large_image\" \/>\n<script type=\"application\/ld+json\" class=\"yoast-schema-graph\">{\"@context\":\"https:\\\/\\\/schema.org\",\"@graph\":[{\"@type\":\"WebPage\",\"@id\":\"https:\\\/\\\/novafrigo.it\\\/es\\\/producto\\\/tsv-tsv-ad-termoconvectores-monobloque-secos-y-adiabaticos\\\/\",\"url\":\"https:\\\/\\\/novafrigo.it\\\/es\\\/producto\\\/tsv-tsv-ad-termoconvectores-monobloque-secos-y-adiabaticos\\\/\",\"name\":\"TSV \\\/ TSV-AD: Termoconvectores monobloque secos y adiab\u00e1ticos - Novafrigo\",\"isPartOf\":{\"@id\":\"https:\\\/\\\/novafrigo.it\\\/es\\\/#website\"},\"primaryImageOfPage\":{\"@id\":\"https:\\\/\\\/novafrigo.it\\\/es\\\/producto\\\/tsv-tsv-ad-termoconvectores-monobloque-secos-y-adiabaticos\\\/#primaryimage\"},\"image\":{\"@id\":\"https:\\\/\\\/novafrigo.it\\\/es\\\/producto\\\/tsv-tsv-ad-termoconvectores-monobloque-secos-y-adiabaticos\\\/#primaryimage\"},\"thumbnailUrl\":\"https:\\\/\\\/novafrigo.it\\\/wp-content\\\/uploads\\\/2024\\\/04\\\/TSV.jpg\",\"datePublished\":\"2024-06-28T08:58:26+00:00\",\"dateModified\":\"2025-03-18T15:52:13+00:00\",\"breadcrumb\":{\"@id\":\"https:\\\/\\\/novafrigo.it\\\/es\\\/producto\\\/tsv-tsv-ad-termoconvectores-monobloque-secos-y-adiabaticos\\\/#breadcrumb\"},\"inLanguage\":\"es\",\"potentialAction\":[{\"@type\":\"ReadAction\",\"target\":[\"https:\\\/\\\/novafrigo.it\\\/es\\\/producto\\\/tsv-tsv-ad-termoconvectores-monobloque-secos-y-adiabaticos\\\/\"]}]},{\"@type\":\"ImageObject\",\"inLanguage\":\"es\",\"@id\":\"https:\\\/\\\/novafrigo.it\\\/es\\\/producto\\\/tsv-tsv-ad-termoconvectores-monobloque-secos-y-adiabaticos\\\/#primaryimage\",\"url\":\"https:\\\/\\\/novafrigo.it\\\/wp-content\\\/uploads\\\/2024\\\/04\\\/TSV.jpg\",\"contentUrl\":\"https:\\\/\\\/novafrigo.it\\\/wp-content\\\/uploads\\\/2024\\\/04\\\/TSV.jpg\",\"width\":1500,\"height\":1500},{\"@type\":\"BreadcrumbList\",\"@id\":\"https:\\\/\\\/novafrigo.it\\\/es\\\/producto\\\/tsv-tsv-ad-termoconvectores-monobloque-secos-y-adiabaticos\\\/#breadcrumb\",\"itemListElement\":[{\"@type\":\"ListItem\",\"position\":1,\"name\":\"Home\",\"item\":\"https:\\\/\\\/novafrigo.it\\\/es\\\/\"},{\"@type\":\"ListItem\",\"position\":2,\"name\":\"Shop\",\"item\":\"https:\\\/\\\/novafrigo.it\\\/negozio\\\/\"},{\"@type\":\"ListItem\",\"position\":3,\"name\":\"TSV \\\/ TSV-AD: Termoconvectores monobloque secos y adiab\u00e1ticos\"}]},{\"@type\":\"WebSite\",\"@id\":\"https:\\\/\\\/novafrigo.it\\\/es\\\/#website\",\"url\":\"https:\\\/\\\/novafrigo.it\\\/es\\\/\",\"name\":\"Novafrigo\",\"description\":\"Industrial Refrigeration\",\"publisher\":{\"@id\":\"https:\\\/\\\/novafrigo.it\\\/es\\\/#organization\"},\"potentialAction\":[{\"@type\":\"SearchAction\",\"target\":{\"@type\":\"EntryPoint\",\"urlTemplate\":\"https:\\\/\\\/novafrigo.it\\\/es\\\/?s={search_term_string}\"},\"query-input\":{\"@type\":\"PropertyValueSpecification\",\"valueRequired\":true,\"valueName\":\"search_term_string\"}}],\"inLanguage\":\"es\"},{\"@type\":\"Organization\",\"@id\":\"https:\\\/\\\/novafrigo.it\\\/es\\\/#organization\",\"name\":\"Nova Frigo\",\"url\":\"https:\\\/\\\/novafrigo.it\\\/es\\\/\",\"logo\":{\"@type\":\"ImageObject\",\"inLanguage\":\"es\",\"@id\":\"https:\\\/\\\/novafrigo.it\\\/es\\\/#\\\/schema\\\/logo\\\/image\\\/\",\"url\":\"https:\\\/\\\/novafrigo.it\\\/wp-content\\\/uploads\\\/2024\\\/05\\\/favicon-apple.png\",\"contentUrl\":\"https:\\\/\\\/novafrigo.it\\\/wp-content\\\/uploads\\\/2024\\\/05\\\/favicon-apple.png\",\"width\":180,\"height\":180,\"caption\":\"Nova Frigo\"},\"image\":{\"@id\":\"https:\\\/\\\/novafrigo.it\\\/es\\\/#\\\/schema\\\/logo\\\/image\\\/\"},\"sameAs\":[\"https:\\\/\\\/www.linkedin.com\\\/in\\\/nova-frigo-engineering\\\/\"]}]}<\/script>\n<!-- \/ Yoast SEO plugin. -->","yoast_head_json":{"title":"TSV \/ TSV-AD: Termoconvectores monobloque secos y adiab\u00e1ticos - Novafrigo","robots":{"index":"index","follow":"follow","max-snippet":"max-snippet:-1","max-image-preview":"max-image-preview:large","max-video-preview":"max-video-preview:-1"},"canonical":"https:\/\/novafrigo.it\/es\/producto\/tsv-tsv-ad-termoconvectores-monobloque-secos-y-adiabaticos\/","og_locale":"es_ES","og_type":"article","og_title":"TSV \/ TSV-AD: Termoconvectores monobloque secos y adiab\u00e1ticos - Novafrigo","og_description":"Los termoconvectores ortogonales de la serie TS-V est\u00e1n dise\u00f1ados y fabricados con un sistema innovador de doble bater\u00eda, capaz de satisfacer plenamente las necesidades de los operadores en el \u00e1mbito del enfriamiento industrial.  Las capacidades de la nueva serie TS-V var\u00edan de 50 kW a 1000 kW en condiciones nominales. La extraordinaria potencia de estos DRYCOOLERS proviene de la combinaci\u00f3n \u00f3ptima de las nuevas aletas de aluminio de alta eficiencia con tubos de cobre y ventiladores de nueva generaci\u00f3n, dise\u00f1ados para generar altos caudales de aire con bajo consumo energ\u00e9tico y reducidas emisiones sonoras.  La serie TS-V se caracteriza por un dise\u00f1o modular con carcasa de acero galvanizado pintada al horno, y puede incorporar hasta 18 ventiladores con diferentes niveles de eficiencia y potencia sonora, disponibles en configuraci\u00f3n de banco simple o doble.","og_url":"https:\/\/novafrigo.it\/es\/producto\/tsv-tsv-ad-termoconvectores-monobloque-secos-y-adiabaticos\/","og_site_name":"Novafrigo","article_modified_time":"2025-03-18T15:52:13+00:00","og_image":[{"width":1500,"height":1500,"url":"https:\/\/novafrigo.it\/wp-content\/uploads\/2024\/04\/TSV.jpg","type":"image\/jpeg"}],"twitter_card":"summary_large_image","schema":{"@context":"https:\/\/schema.org","@graph":[{"@type":"WebPage","@id":"https:\/\/novafrigo.it\/es\/producto\/tsv-tsv-ad-termoconvectores-monobloque-secos-y-adiabaticos\/","url":"https:\/\/novafrigo.it\/es\/producto\/tsv-tsv-ad-termoconvectores-monobloque-secos-y-adiabaticos\/","name":"TSV \/ TSV-AD: Termoconvectores monobloque secos y adiab\u00e1ticos - Novafrigo","isPartOf":{"@id":"https:\/\/novafrigo.it\/es\/#website"},"primaryImageOfPage":{"@id":"https:\/\/novafrigo.it\/es\/producto\/tsv-tsv-ad-termoconvectores-monobloque-secos-y-adiabaticos\/#primaryimage"},"image":{"@id":"https:\/\/novafrigo.it\/es\/producto\/tsv-tsv-ad-termoconvectores-monobloque-secos-y-adiabaticos\/#primaryimage"},"thumbnailUrl":"https:\/\/novafrigo.it\/wp-content\/uploads\/2024\/04\/TSV.jpg","datePublished":"2024-06-28T08:58:26+00:00","dateModified":"2025-03-18T15:52:13+00:00","breadcrumb":{"@id":"https:\/\/novafrigo.it\/es\/producto\/tsv-tsv-ad-termoconvectores-monobloque-secos-y-adiabaticos\/#breadcrumb"},"inLanguage":"es","potentialAction":[{"@type":"ReadAction","target":["https:\/\/novafrigo.it\/es\/producto\/tsv-tsv-ad-termoconvectores-monobloque-secos-y-adiabaticos\/"]}]},{"@type":"ImageObject","inLanguage":"es","@id":"https:\/\/novafrigo.it\/es\/producto\/tsv-tsv-ad-termoconvectores-monobloque-secos-y-adiabaticos\/#primaryimage","url":"https:\/\/novafrigo.it\/wp-content\/uploads\/2024\/04\/TSV.jpg","contentUrl":"https:\/\/novafrigo.it\/wp-content\/uploads\/2024\/04\/TSV.jpg","width":1500,"height":1500},{"@type":"BreadcrumbList","@id":"https:\/\/novafrigo.it\/es\/producto\/tsv-tsv-ad-termoconvectores-monobloque-secos-y-adiabaticos\/#breadcrumb","itemListElement":[{"@type":"ListItem","position":1,"name":"Home","item":"https:\/\/novafrigo.it\/es\/"},{"@type":"ListItem","position":2,"name":"Shop","item":"https:\/\/novafrigo.it\/negozio\/"},{"@type":"ListItem","position":3,"name":"TSV \/ TSV-AD: Termoconvectores monobloque secos y adiab\u00e1ticos"}]},{"@type":"WebSite","@id":"https:\/\/novafrigo.it\/es\/#website","url":"https:\/\/novafrigo.it\/es\/","name":"Novafrigo","description":"Industrial Refrigeration","publisher":{"@id":"https:\/\/novafrigo.it\/es\/#organization"},"potentialAction":[{"@type":"SearchAction","target":{"@type":"EntryPoint","urlTemplate":"https:\/\/novafrigo.it\/es\/?s={search_term_string}"},"query-input":{"@type":"PropertyValueSpecification","valueRequired":true,"valueName":"search_term_string"}}],"inLanguage":"es"},{"@type":"Organization","@id":"https:\/\/novafrigo.it\/es\/#organization","name":"Nova Frigo","url":"https:\/\/novafrigo.it\/es\/","logo":{"@type":"ImageObject","inLanguage":"es","@id":"https:\/\/novafrigo.it\/es\/#\/schema\/logo\/image\/","url":"https:\/\/novafrigo.it\/wp-content\/uploads\/2024\/05\/favicon-apple.png","contentUrl":"https:\/\/novafrigo.it\/wp-content\/uploads\/2024\/05\/favicon-apple.png","width":180,"height":180,"caption":"Nova Frigo"},"image":{"@id":"https:\/\/novafrigo.it\/es\/#\/schema\/logo\/image\/"},"sameAs":["https:\/\/www.linkedin.com\/in\/nova-frigo-engineering\/"]}]}},"_links":{"self":[{"href":"https:\/\/novafrigo.it\/es\/wp-json\/wp\/v2\/product\/9712","targetHints":{"allow":["GET"]}}],"collection":[{"href":"https:\/\/novafrigo.it\/es\/wp-json\/wp\/v2\/product"}],"about":[{"href":"https:\/\/novafrigo.it\/es\/wp-json\/wp\/v2\/types\/product"}],"wp:featuredmedia":[{"embeddable":true,"href":"https:\/\/novafrigo.it\/es\/wp-json\/wp\/v2\/media\/9713"}],"wp:attachment":[{"href":"https:\/\/novafrigo.it\/es\/wp-json\/wp\/v2\/media?parent=9712"}],"wp:term":[{"taxonomy":"product_brand","embeddable":true,"href":"https:\/\/novafrigo.it\/es\/wp-json\/wp\/v2\/product_brand?post=9712"},{"taxonomy":"product_cat","embeddable":true,"href":"https:\/\/novafrigo.it\/es\/wp-json\/wp\/v2\/product_cat?post=9712"},{"taxonomy":"product_tag","embeddable":true,"href":"https:\/\/novafrigo.it\/es\/wp-json\/wp\/v2\/product_tag?post=9712"}],"curies":[{"name":"wp","href":"https:\/\/api.w.org\/{rel}","templated":true}]}}