{"id":9701,"date":"2024-06-28T11:32:46","date_gmt":"2024-06-28T09:32:46","guid":{"rendered":"https:\/\/novafrigo.it\/prodotto\/sigma-sigma-afc-refrigeratori-di-liquido-con-centralina-di-riscaldamento-integrata-r407c\/"},"modified":"2025-01-31T14:41:46","modified_gmt":"2025-01-31T13:41:46","slug":"sigma-sigma-afc-enfriadores-de-liquido-con-unidad-de-calentamiento-integrada-r407c","status":"publish","type":"product","link":"https:\/\/novafrigo.it\/es\/producto\/sigma-sigma-afc-enfriadores-de-liquido-con-unidad-de-calentamiento-integrada-r407c\/","title":{"rendered":"SIGMA \/ SIGMA AFC: Enfriadores de l\u00edquido con unidad de calentamiento integrada (R407C)"},"content":{"rendered":"<p><a class=\"button  button_full_width button_size_1\" href=\"https:\/\/novafrigo.it\/wp-content\/uploads\/2025\/01\/SIGMA-AFC-ING.pdf\"     target=\"_blank\"    title=\"\"><span class=\"button_label\">Descarga el folleto SIGMA AFC<\/span><\/a>\n<br \/>\n<a class=\"button  button_full_width button_size_1\" href=\"https:\/\/novafrigo.it\/wp-content\/uploads\/2025\/01\/SIGMA-ING.pdf\"     target=\"_blank\"    title=\"\"><span class=\"button_label\">Descarga el folleto SIGMA<\/span><\/a>\n<\/p>\n","protected":false},"excerpt":{"rendered":"<p>Los enfriadores de agua de la serie <strong>SIGMA<\/strong>, condensados por agua, y <strong>SIGMA AFC<\/strong>, condensados por aire, han sido dise\u00f1ados para producir agua fr\u00eda de proceso destinada a la refrigeraci\u00f3n de sistemas industriales.<br \/>\nSon unidades frigor\u00edficas monobloque completamente aut\u00f3nomas, equipadas con un circuito hidr\u00e1ulico completo con dep\u00f3sito de acumulaci\u00f3n cerrado y electrobomba de circulaci\u00f3n.<\/p>\n<p>Adem\u00e1s de la producci\u00f3n de agua fr\u00eda, los enfriadores de la serie <strong>SIGMA<\/strong> tambi\u00e9n pueden producir agua caliente (m\u00e1x. 90\u00b0C) de proceso, destinada a la termorregulaci\u00f3n de procesos industriales.<\/p>\n<p>Las m\u00e1quinas, dependiendo de la versi\u00f3n seleccionada, est\u00e1n disponibles con:<\/p>\n<ul>\n<li><strong>1 o 2 circuitos de fr\u00edo<\/strong> (+6\u00b0C \/ +18\u00b0C &#8211; versi\u00f3n C1 y versi\u00f3n C2), y<\/li>\n<li><strong>1 o 2 circuitos fr\u00edo\/calor<\/strong> (+6\u00b0C \/ +90\u00b0C &#8211; versi\u00f3n H1 y versi\u00f3n H2).<\/li>\n<\/ul>\n","protected":false},"featured_media":9703,"template":"","meta":[],"product_brand":[],"product_cat":[178],"product_tag":[196],"class_list":{"0":"post-9701","1":"product","2":"type-product","3":"status-publish","4":"has-post-thumbnail","6":"product_cat-enologia-es","7":"product_tag-r407c-es","9":"first","10":"instock","11":"shipping-taxable","12":"product-type-simple"},"yoast_head":"<!-- This site is optimized with the Yoast SEO plugin v27.3 - https:\/\/yoast.com\/product\/yoast-seo-wordpress\/ -->\n<title>SIGMA \/ SIGMA AFC: Enfriadores de l\u00edquido con unidad de calentamiento integrada (R407C) - Novafrigo<\/title>\n<meta name=\"robots\" content=\"index, follow, max-snippet:-1, max-image-preview:large, max-video-preview:-1\" \/>\n<link rel=\"canonical\" href=\"https:\/\/novafrigo.it\/es\/producto\/sigma-sigma-afc-enfriadores-de-liquido-con-unidad-de-calentamiento-integrada-r407c\/\" \/>\n<meta property=\"og:locale\" content=\"es_ES\" \/>\n<meta property=\"og:type\" content=\"article\" \/>\n<meta property=\"og:title\" content=\"SIGMA \/ SIGMA AFC: Enfriadores de l\u00edquido con unidad de calentamiento integrada (R407C) - Novafrigo\" \/>\n<meta property=\"og:description\" content=\"Los enfriadores de agua de la serie SIGMA, condensados por agua, y SIGMA AFC, condensados por aire, han sido dise\u00f1ados para producir agua fr\u00eda de proceso destinada a la refrigeraci\u00f3n de sistemas industriales. Son unidades frigor\u00edficas monobloque completamente aut\u00f3nomas, equipadas con un circuito hidr\u00e1ulico completo con dep\u00f3sito de acumulaci\u00f3n cerrado y electrobomba de circulaci\u00f3n.  Adem\u00e1s de la producci\u00f3n de agua fr\u00eda, los enfriadores de la serie SIGMA tambi\u00e9n pueden producir agua caliente (m\u00e1x. 90\u00b0C) de proceso, destinada a la termorregulaci\u00f3n de procesos industriales.  Las m\u00e1quinas, dependiendo de la versi\u00f3n seleccionada, est\u00e1n disponibles con:   1 o 2 circuitos de fr\u00edo (+6\u00b0C \/ +18\u00b0C - versi\u00f3n C1 y versi\u00f3n C2), y  1 o 2 circuitos fr\u00edo\/calor (+6\u00b0C \/ +90\u00b0C - versi\u00f3n H1 y versi\u00f3n H2).\" \/>\n<meta property=\"og:url\" content=\"https:\/\/novafrigo.it\/es\/producto\/sigma-sigma-afc-enfriadores-de-liquido-con-unidad-de-calentamiento-integrada-r407c\/\" \/>\n<meta property=\"og:site_name\" content=\"Novafrigo\" \/>\n<meta property=\"article:modified_time\" content=\"2025-01-31T13:41:46+00:00\" \/>\n<meta property=\"og:image\" content=\"https:\/\/novafrigo.it\/wp-content\/uploads\/2024\/06\/SIGMA.jpg\" \/>\n\t<meta property=\"og:image:width\" content=\"800\" \/>\n\t<meta property=\"og:image:height\" content=\"800\" \/>\n\t<meta property=\"og:image:type\" content=\"image\/jpeg\" \/>\n<meta name=\"twitter:card\" content=\"summary_large_image\" \/>\n<script type=\"application\/ld+json\" class=\"yoast-schema-graph\">{\"@context\":\"https:\\\/\\\/schema.org\",\"@graph\":[{\"@type\":\"WebPage\",\"@id\":\"https:\\\/\\\/novafrigo.it\\\/es\\\/producto\\\/sigma-sigma-afc-enfriadores-de-liquido-con-unidad-de-calentamiento-integrada-r407c\\\/\",\"url\":\"https:\\\/\\\/novafrigo.it\\\/es\\\/producto\\\/sigma-sigma-afc-enfriadores-de-liquido-con-unidad-de-calentamiento-integrada-r407c\\\/\",\"name\":\"SIGMA \\\/ SIGMA AFC: Enfriadores de l\u00edquido con unidad de calentamiento integrada (R407C) - Novafrigo\",\"isPartOf\":{\"@id\":\"https:\\\/\\\/novafrigo.it\\\/es\\\/#website\"},\"primaryImageOfPage\":{\"@id\":\"https:\\\/\\\/novafrigo.it\\\/es\\\/producto\\\/sigma-sigma-afc-enfriadores-de-liquido-con-unidad-de-calentamiento-integrada-r407c\\\/#primaryimage\"},\"image\":{\"@id\":\"https:\\\/\\\/novafrigo.it\\\/es\\\/producto\\\/sigma-sigma-afc-enfriadores-de-liquido-con-unidad-de-calentamiento-integrada-r407c\\\/#primaryimage\"},\"thumbnailUrl\":\"https:\\\/\\\/novafrigo.it\\\/wp-content\\\/uploads\\\/2024\\\/06\\\/SIGMA.jpg\",\"datePublished\":\"2024-06-28T09:32:46+00:00\",\"dateModified\":\"2025-01-31T13:41:46+00:00\",\"breadcrumb\":{\"@id\":\"https:\\\/\\\/novafrigo.it\\\/es\\\/producto\\\/sigma-sigma-afc-enfriadores-de-liquido-con-unidad-de-calentamiento-integrada-r407c\\\/#breadcrumb\"},\"inLanguage\":\"es\",\"potentialAction\":[{\"@type\":\"ReadAction\",\"target\":[\"https:\\\/\\\/novafrigo.it\\\/es\\\/producto\\\/sigma-sigma-afc-enfriadores-de-liquido-con-unidad-de-calentamiento-integrada-r407c\\\/\"]}]},{\"@type\":\"ImageObject\",\"inLanguage\":\"es\",\"@id\":\"https:\\\/\\\/novafrigo.it\\\/es\\\/producto\\\/sigma-sigma-afc-enfriadores-de-liquido-con-unidad-de-calentamiento-integrada-r407c\\\/#primaryimage\",\"url\":\"https:\\\/\\\/novafrigo.it\\\/wp-content\\\/uploads\\\/2024\\\/06\\\/SIGMA.jpg\",\"contentUrl\":\"https:\\\/\\\/novafrigo.it\\\/wp-content\\\/uploads\\\/2024\\\/06\\\/SIGMA.jpg\",\"width\":800,\"height\":800},{\"@type\":\"BreadcrumbList\",\"@id\":\"https:\\\/\\\/novafrigo.it\\\/es\\\/producto\\\/sigma-sigma-afc-enfriadores-de-liquido-con-unidad-de-calentamiento-integrada-r407c\\\/#breadcrumb\",\"itemListElement\":[{\"@type\":\"ListItem\",\"position\":1,\"name\":\"Home\",\"item\":\"https:\\\/\\\/novafrigo.it\\\/es\\\/\"},{\"@type\":\"ListItem\",\"position\":2,\"name\":\"Shop\",\"item\":\"https:\\\/\\\/novafrigo.it\\\/negozio\\\/\"},{\"@type\":\"ListItem\",\"position\":3,\"name\":\"SIGMA \\\/ SIGMA AFC: Enfriadores de l\u00edquido con unidad de calentamiento integrada (R407C)\"}]},{\"@type\":\"WebSite\",\"@id\":\"https:\\\/\\\/novafrigo.it\\\/es\\\/#website\",\"url\":\"https:\\\/\\\/novafrigo.it\\\/es\\\/\",\"name\":\"Novafrigo\",\"description\":\"Industrial Refrigeration\",\"publisher\":{\"@id\":\"https:\\\/\\\/novafrigo.it\\\/es\\\/#organization\"},\"potentialAction\":[{\"@type\":\"SearchAction\",\"target\":{\"@type\":\"EntryPoint\",\"urlTemplate\":\"https:\\\/\\\/novafrigo.it\\\/es\\\/?s={search_term_string}\"},\"query-input\":{\"@type\":\"PropertyValueSpecification\",\"valueRequired\":true,\"valueName\":\"search_term_string\"}}],\"inLanguage\":\"es\"},{\"@type\":\"Organization\",\"@id\":\"https:\\\/\\\/novafrigo.it\\\/es\\\/#organization\",\"name\":\"Nova Frigo\",\"url\":\"https:\\\/\\\/novafrigo.it\\\/es\\\/\",\"logo\":{\"@type\":\"ImageObject\",\"inLanguage\":\"es\",\"@id\":\"https:\\\/\\\/novafrigo.it\\\/es\\\/#\\\/schema\\\/logo\\\/image\\\/\",\"url\":\"https:\\\/\\\/novafrigo.it\\\/wp-content\\\/uploads\\\/2024\\\/05\\\/favicon-apple.png\",\"contentUrl\":\"https:\\\/\\\/novafrigo.it\\\/wp-content\\\/uploads\\\/2024\\\/05\\\/favicon-apple.png\",\"width\":180,\"height\":180,\"caption\":\"Nova Frigo\"},\"image\":{\"@id\":\"https:\\\/\\\/novafrigo.it\\\/es\\\/#\\\/schema\\\/logo\\\/image\\\/\"},\"sameAs\":[\"https:\\\/\\\/www.linkedin.com\\\/in\\\/nova-frigo-engineering\\\/\"]}]}<\/script>\n<!-- \/ Yoast SEO plugin. -->","yoast_head_json":{"title":"SIGMA \/ SIGMA AFC: Enfriadores de l\u00edquido con unidad de calentamiento integrada (R407C) - Novafrigo","robots":{"index":"index","follow":"follow","max-snippet":"max-snippet:-1","max-image-preview":"max-image-preview:large","max-video-preview":"max-video-preview:-1"},"canonical":"https:\/\/novafrigo.it\/es\/producto\/sigma-sigma-afc-enfriadores-de-liquido-con-unidad-de-calentamiento-integrada-r407c\/","og_locale":"es_ES","og_type":"article","og_title":"SIGMA \/ SIGMA AFC: Enfriadores de l\u00edquido con unidad de calentamiento integrada (R407C) - Novafrigo","og_description":"Los enfriadores de agua de la serie SIGMA, condensados por agua, y SIGMA AFC, condensados por aire, han sido dise\u00f1ados para producir agua fr\u00eda de proceso destinada a la refrigeraci\u00f3n de sistemas industriales. Son unidades frigor\u00edficas monobloque completamente aut\u00f3nomas, equipadas con un circuito hidr\u00e1ulico completo con dep\u00f3sito de acumulaci\u00f3n cerrado y electrobomba de circulaci\u00f3n.  Adem\u00e1s de la producci\u00f3n de agua fr\u00eda, los enfriadores de la serie SIGMA tambi\u00e9n pueden producir agua caliente (m\u00e1x. 90\u00b0C) de proceso, destinada a la termorregulaci\u00f3n de procesos industriales.  Las m\u00e1quinas, dependiendo de la versi\u00f3n seleccionada, est\u00e1n disponibles con:   1 o 2 circuitos de fr\u00edo (+6\u00b0C \/ +18\u00b0C - versi\u00f3n C1 y versi\u00f3n C2), y  1 o 2 circuitos fr\u00edo\/calor (+6\u00b0C \/ +90\u00b0C - versi\u00f3n H1 y versi\u00f3n H2).","og_url":"https:\/\/novafrigo.it\/es\/producto\/sigma-sigma-afc-enfriadores-de-liquido-con-unidad-de-calentamiento-integrada-r407c\/","og_site_name":"Novafrigo","article_modified_time":"2025-01-31T13:41:46+00:00","og_image":[{"width":800,"height":800,"url":"https:\/\/novafrigo.it\/wp-content\/uploads\/2024\/06\/SIGMA.jpg","type":"image\/jpeg"}],"twitter_card":"summary_large_image","schema":{"@context":"https:\/\/schema.org","@graph":[{"@type":"WebPage","@id":"https:\/\/novafrigo.it\/es\/producto\/sigma-sigma-afc-enfriadores-de-liquido-con-unidad-de-calentamiento-integrada-r407c\/","url":"https:\/\/novafrigo.it\/es\/producto\/sigma-sigma-afc-enfriadores-de-liquido-con-unidad-de-calentamiento-integrada-r407c\/","name":"SIGMA \/ SIGMA AFC: Enfriadores de l\u00edquido con unidad de calentamiento integrada (R407C) - Novafrigo","isPartOf":{"@id":"https:\/\/novafrigo.it\/es\/#website"},"primaryImageOfPage":{"@id":"https:\/\/novafrigo.it\/es\/producto\/sigma-sigma-afc-enfriadores-de-liquido-con-unidad-de-calentamiento-integrada-r407c\/#primaryimage"},"image":{"@id":"https:\/\/novafrigo.it\/es\/producto\/sigma-sigma-afc-enfriadores-de-liquido-con-unidad-de-calentamiento-integrada-r407c\/#primaryimage"},"thumbnailUrl":"https:\/\/novafrigo.it\/wp-content\/uploads\/2024\/06\/SIGMA.jpg","datePublished":"2024-06-28T09:32:46+00:00","dateModified":"2025-01-31T13:41:46+00:00","breadcrumb":{"@id":"https:\/\/novafrigo.it\/es\/producto\/sigma-sigma-afc-enfriadores-de-liquido-con-unidad-de-calentamiento-integrada-r407c\/#breadcrumb"},"inLanguage":"es","potentialAction":[{"@type":"ReadAction","target":["https:\/\/novafrigo.it\/es\/producto\/sigma-sigma-afc-enfriadores-de-liquido-con-unidad-de-calentamiento-integrada-r407c\/"]}]},{"@type":"ImageObject","inLanguage":"es","@id":"https:\/\/novafrigo.it\/es\/producto\/sigma-sigma-afc-enfriadores-de-liquido-con-unidad-de-calentamiento-integrada-r407c\/#primaryimage","url":"https:\/\/novafrigo.it\/wp-content\/uploads\/2024\/06\/SIGMA.jpg","contentUrl":"https:\/\/novafrigo.it\/wp-content\/uploads\/2024\/06\/SIGMA.jpg","width":800,"height":800},{"@type":"BreadcrumbList","@id":"https:\/\/novafrigo.it\/es\/producto\/sigma-sigma-afc-enfriadores-de-liquido-con-unidad-de-calentamiento-integrada-r407c\/#breadcrumb","itemListElement":[{"@type":"ListItem","position":1,"name":"Home","item":"https:\/\/novafrigo.it\/es\/"},{"@type":"ListItem","position":2,"name":"Shop","item":"https:\/\/novafrigo.it\/negozio\/"},{"@type":"ListItem","position":3,"name":"SIGMA \/ SIGMA AFC: Enfriadores de l\u00edquido con unidad de calentamiento integrada (R407C)"}]},{"@type":"WebSite","@id":"https:\/\/novafrigo.it\/es\/#website","url":"https:\/\/novafrigo.it\/es\/","name":"Novafrigo","description":"Industrial Refrigeration","publisher":{"@id":"https:\/\/novafrigo.it\/es\/#organization"},"potentialAction":[{"@type":"SearchAction","target":{"@type":"EntryPoint","urlTemplate":"https:\/\/novafrigo.it\/es\/?s={search_term_string}"},"query-input":{"@type":"PropertyValueSpecification","valueRequired":true,"valueName":"search_term_string"}}],"inLanguage":"es"},{"@type":"Organization","@id":"https:\/\/novafrigo.it\/es\/#organization","name":"Nova Frigo","url":"https:\/\/novafrigo.it\/es\/","logo":{"@type":"ImageObject","inLanguage":"es","@id":"https:\/\/novafrigo.it\/es\/#\/schema\/logo\/image\/","url":"https:\/\/novafrigo.it\/wp-content\/uploads\/2024\/05\/favicon-apple.png","contentUrl":"https:\/\/novafrigo.it\/wp-content\/uploads\/2024\/05\/favicon-apple.png","width":180,"height":180,"caption":"Nova Frigo"},"image":{"@id":"https:\/\/novafrigo.it\/es\/#\/schema\/logo\/image\/"},"sameAs":["https:\/\/www.linkedin.com\/in\/nova-frigo-engineering\/"]}]}},"_links":{"self":[{"href":"https:\/\/novafrigo.it\/es\/wp-json\/wp\/v2\/product\/9701","targetHints":{"allow":["GET"]}}],"collection":[{"href":"https:\/\/novafrigo.it\/es\/wp-json\/wp\/v2\/product"}],"about":[{"href":"https:\/\/novafrigo.it\/es\/wp-json\/wp\/v2\/types\/product"}],"wp:featuredmedia":[{"embeddable":true,"href":"https:\/\/novafrigo.it\/es\/wp-json\/wp\/v2\/media\/9703"}],"wp:attachment":[{"href":"https:\/\/novafrigo.it\/es\/wp-json\/wp\/v2\/media?parent=9701"}],"wp:term":[{"taxonomy":"product_brand","embeddable":true,"href":"https:\/\/novafrigo.it\/es\/wp-json\/wp\/v2\/product_brand?post=9701"},{"taxonomy":"product_cat","embeddable":true,"href":"https:\/\/novafrigo.it\/es\/wp-json\/wp\/v2\/product_cat?post=9701"},{"taxonomy":"product_tag","embeddable":true,"href":"https:\/\/novafrigo.it\/es\/wp-json\/wp\/v2\/product_tag?post=9701"}],"curies":[{"name":"wp","href":"https:\/\/api.w.org\/{rel}","templated":true}]}}