{"id":9685,"date":"2024-06-28T10:50:02","date_gmt":"2024-06-28T08:50:02","guid":{"rendered":"https:\/\/novafrigo.it\/prodotto\/rhs-rhv-refrigeratori-monoblocco-condensati-ad-aria-per-esterno-r134a-r513a\/"},"modified":"2025-03-18T16:53:42","modified_gmt":"2025-03-18T15:53:42","slug":"rhs-rhv-enfriadores-monobloque-condensados-por-aire-para-exterior-r134a-r513a","status":"publish","type":"product","link":"https:\/\/novafrigo.it\/es\/producto\/rhs-rhv-enfriadores-monobloque-condensados-por-aire-para-exterior-r134a-r513a\/","title":{"rendered":"RHS-RHV: Enfriadores monobloque condensados por aire para exterior, R134A, R513A"},"content":{"rendered":"<p><a class=\"button  button_left button_full_width button_size_1\" href=\"https:\/\/novafrigo.it\/wp-content\/uploads\/2025\/01\/RHS-RHV-ITA_ING.pdf\"     target=\"_blank\"    title=\"\"><span class=\"button_icon\"><i class=\"fas fa-file-pdf\"  aria-hidden=\"true\"><\/i><\/span><span class=\"button_label\">Descarga el folleto<\/span><\/a>\n<br \/>\n<a class=\"button  button_full_width button_size_1\" href=\"https:\/\/novafrigo.ideasw.net\/NovaFrigo\/Account\/Login?ReturnUrl=%2FNovaFrigo%2F\"     target=\"_blank\"    title=\"\"><span class=\"button_label\">Ve al software de selecci\u00f3n<\/span><\/a>\n<\/p>\n","protected":false},"excerpt":{"rendered":"<p><strong>Los enfriadores de agua monobloque<\/strong> de la Serie RHS-RHV, condensados por aire, para instalaci\u00f3n en exteriores, han sido dise\u00f1ados para producir agua fr\u00eda de proceso destinada a la refrigeraci\u00f3n de instalaciones industriales en circuito cerrado o abierto. Son unidades frigor\u00edficas completamente aut\u00f3nomas, compuestas por un circuito hidr\u00e1ulico que incluye una electrobomba.<\/p>\n<p>Los conceptos constructivos empleados permiten alcanzar una alta eficiencia, resultado de un consumo energ\u00e9tico m\u00ednimo incluso en condiciones extremas de operaci\u00f3n (climas tropicales con temperaturas ambiente de hasta +45\u00b0C).<\/p>\n<p>Las m\u00e1quinas est\u00e1n equipadas con compresores scroll o compresores de tornillo. La capacidad frigor\u00edfica var\u00eda desde 70 kW hasta 750 kW, con una temperatura del glicol de 20\u00b0\/15\u00b0C y una temperatura ambiente de 25\u00b0C.<\/p>\n","protected":false},"featured_media":9679,"template":"","meta":[],"product_brand":[],"product_cat":[177,181,179,180],"product_tag":[207,193,201],"class_list":{"0":"post-9685","1":"product","2":"type-product","3":"status-publish","4":"has-post-thumbnail","6":"product_cat-agroalimentario","7":"product_cat-caucho-y-plastico","8":"product_cat-farmaceutico-es","9":"product_cat-galvanica-quimica-petrolero","10":"product_tag-gwp-bajo","11":"product_tag-r134a-es","12":"product_tag-r513a-es","14":"first","15":"instock","16":"shipping-taxable","17":"product-type-simple"},"yoast_head":"<!-- This site is optimized with the Yoast SEO plugin v27.3 - https:\/\/yoast.com\/product\/yoast-seo-wordpress\/ -->\n<title>RHS-RHV: Enfriadores monobloque condensados por aire para exterior, R134A, R513A - Novafrigo<\/title>\n<meta name=\"robots\" content=\"index, follow, max-snippet:-1, max-image-preview:large, max-video-preview:-1\" \/>\n<link rel=\"canonical\" href=\"https:\/\/novafrigo.it\/es\/producto\/rhs-rhv-enfriadores-monobloque-condensados-por-aire-para-exterior-r134a-r513a\/\" \/>\n<meta property=\"og:locale\" content=\"es_ES\" \/>\n<meta property=\"og:type\" content=\"article\" \/>\n<meta property=\"og:title\" content=\"RHS-RHV: Enfriadores monobloque condensados por aire para exterior, R134A, R513A - Novafrigo\" \/>\n<meta property=\"og:description\" content=\"Los enfriadores de agua monobloque de la Serie RHS-RHV, condensados por aire, para instalaci\u00f3n en exteriores, han sido dise\u00f1ados para producir agua fr\u00eda de proceso destinada a la refrigeraci\u00f3n de instalaciones industriales en circuito cerrado o abierto. Son unidades frigor\u00edficas completamente aut\u00f3nomas, compuestas por un circuito hidr\u00e1ulico que incluye una electrobomba.  Los conceptos constructivos empleados permiten alcanzar una alta eficiencia, resultado de un consumo energ\u00e9tico m\u00ednimo incluso en condiciones extremas de operaci\u00f3n (climas tropicales con temperaturas ambiente de hasta +45\u00b0C).  Las m\u00e1quinas est\u00e1n equipadas con compresores scroll o compresores de tornillo. La capacidad frigor\u00edfica var\u00eda desde 70 kW hasta 750 kW, con una temperatura del glicol de 20\u00b0\/15\u00b0C y una temperatura ambiente de 25\u00b0C.\" \/>\n<meta property=\"og:url\" content=\"https:\/\/novafrigo.it\/es\/producto\/rhs-rhv-enfriadores-monobloque-condensados-por-aire-para-exterior-r134a-r513a\/\" \/>\n<meta property=\"og:site_name\" content=\"Novafrigo\" \/>\n<meta property=\"article:modified_time\" content=\"2025-03-18T15:53:42+00:00\" \/>\n<meta property=\"og:image\" content=\"https:\/\/novafrigo.it\/wp-content\/uploads\/2024\/04\/Refrigeratori-RCS.jpg\" \/>\n\t<meta property=\"og:image:width\" content=\"1500\" \/>\n\t<meta property=\"og:image:height\" content=\"1500\" \/>\n\t<meta property=\"og:image:type\" content=\"image\/jpeg\" \/>\n<meta name=\"twitter:card\" content=\"summary_large_image\" \/>\n<script type=\"application\/ld+json\" class=\"yoast-schema-graph\">{\"@context\":\"https:\\\/\\\/schema.org\",\"@graph\":[{\"@type\":\"WebPage\",\"@id\":\"https:\\\/\\\/novafrigo.it\\\/es\\\/producto\\\/rhs-rhv-enfriadores-monobloque-condensados-por-aire-para-exterior-r134a-r513a\\\/\",\"url\":\"https:\\\/\\\/novafrigo.it\\\/es\\\/producto\\\/rhs-rhv-enfriadores-monobloque-condensados-por-aire-para-exterior-r134a-r513a\\\/\",\"name\":\"RHS-RHV: Enfriadores monobloque condensados por aire para exterior, R134A, R513A - Novafrigo\",\"isPartOf\":{\"@id\":\"https:\\\/\\\/novafrigo.it\\\/es\\\/#website\"},\"primaryImageOfPage\":{\"@id\":\"https:\\\/\\\/novafrigo.it\\\/es\\\/producto\\\/rhs-rhv-enfriadores-monobloque-condensados-por-aire-para-exterior-r134a-r513a\\\/#primaryimage\"},\"image\":{\"@id\":\"https:\\\/\\\/novafrigo.it\\\/es\\\/producto\\\/rhs-rhv-enfriadores-monobloque-condensados-por-aire-para-exterior-r134a-r513a\\\/#primaryimage\"},\"thumbnailUrl\":\"https:\\\/\\\/novafrigo.it\\\/wp-content\\\/uploads\\\/2024\\\/04\\\/Refrigeratori-RCS.jpg\",\"datePublished\":\"2024-06-28T08:50:02+00:00\",\"dateModified\":\"2025-03-18T15:53:42+00:00\",\"breadcrumb\":{\"@id\":\"https:\\\/\\\/novafrigo.it\\\/es\\\/producto\\\/rhs-rhv-enfriadores-monobloque-condensados-por-aire-para-exterior-r134a-r513a\\\/#breadcrumb\"},\"inLanguage\":\"es\",\"potentialAction\":[{\"@type\":\"ReadAction\",\"target\":[\"https:\\\/\\\/novafrigo.it\\\/es\\\/producto\\\/rhs-rhv-enfriadores-monobloque-condensados-por-aire-para-exterior-r134a-r513a\\\/\"]}]},{\"@type\":\"ImageObject\",\"inLanguage\":\"es\",\"@id\":\"https:\\\/\\\/novafrigo.it\\\/es\\\/producto\\\/rhs-rhv-enfriadores-monobloque-condensados-por-aire-para-exterior-r134a-r513a\\\/#primaryimage\",\"url\":\"https:\\\/\\\/novafrigo.it\\\/wp-content\\\/uploads\\\/2024\\\/04\\\/Refrigeratori-RCS.jpg\",\"contentUrl\":\"https:\\\/\\\/novafrigo.it\\\/wp-content\\\/uploads\\\/2024\\\/04\\\/Refrigeratori-RCS.jpg\",\"width\":1500,\"height\":1500},{\"@type\":\"BreadcrumbList\",\"@id\":\"https:\\\/\\\/novafrigo.it\\\/es\\\/producto\\\/rhs-rhv-enfriadores-monobloque-condensados-por-aire-para-exterior-r134a-r513a\\\/#breadcrumb\",\"itemListElement\":[{\"@type\":\"ListItem\",\"position\":1,\"name\":\"Home\",\"item\":\"https:\\\/\\\/novafrigo.it\\\/es\\\/\"},{\"@type\":\"ListItem\",\"position\":2,\"name\":\"Shop\",\"item\":\"https:\\\/\\\/novafrigo.it\\\/negozio\\\/\"},{\"@type\":\"ListItem\",\"position\":3,\"name\":\"RHS-RHV: Enfriadores monobloque condensados por aire para exterior, R134A, R513A\"}]},{\"@type\":\"WebSite\",\"@id\":\"https:\\\/\\\/novafrigo.it\\\/es\\\/#website\",\"url\":\"https:\\\/\\\/novafrigo.it\\\/es\\\/\",\"name\":\"Novafrigo\",\"description\":\"Industrial Refrigeration\",\"publisher\":{\"@id\":\"https:\\\/\\\/novafrigo.it\\\/es\\\/#organization\"},\"potentialAction\":[{\"@type\":\"SearchAction\",\"target\":{\"@type\":\"EntryPoint\",\"urlTemplate\":\"https:\\\/\\\/novafrigo.it\\\/es\\\/?s={search_term_string}\"},\"query-input\":{\"@type\":\"PropertyValueSpecification\",\"valueRequired\":true,\"valueName\":\"search_term_string\"}}],\"inLanguage\":\"es\"},{\"@type\":\"Organization\",\"@id\":\"https:\\\/\\\/novafrigo.it\\\/es\\\/#organization\",\"name\":\"Nova Frigo\",\"url\":\"https:\\\/\\\/novafrigo.it\\\/es\\\/\",\"logo\":{\"@type\":\"ImageObject\",\"inLanguage\":\"es\",\"@id\":\"https:\\\/\\\/novafrigo.it\\\/es\\\/#\\\/schema\\\/logo\\\/image\\\/\",\"url\":\"https:\\\/\\\/novafrigo.it\\\/wp-content\\\/uploads\\\/2024\\\/05\\\/favicon-apple.png\",\"contentUrl\":\"https:\\\/\\\/novafrigo.it\\\/wp-content\\\/uploads\\\/2024\\\/05\\\/favicon-apple.png\",\"width\":180,\"height\":180,\"caption\":\"Nova Frigo\"},\"image\":{\"@id\":\"https:\\\/\\\/novafrigo.it\\\/es\\\/#\\\/schema\\\/logo\\\/image\\\/\"},\"sameAs\":[\"https:\\\/\\\/www.linkedin.com\\\/in\\\/nova-frigo-engineering\\\/\"]}]}<\/script>\n<!-- \/ Yoast SEO plugin. -->","yoast_head_json":{"title":"RHS-RHV: Enfriadores monobloque condensados por aire para exterior, R134A, R513A - Novafrigo","robots":{"index":"index","follow":"follow","max-snippet":"max-snippet:-1","max-image-preview":"max-image-preview:large","max-video-preview":"max-video-preview:-1"},"canonical":"https:\/\/novafrigo.it\/es\/producto\/rhs-rhv-enfriadores-monobloque-condensados-por-aire-para-exterior-r134a-r513a\/","og_locale":"es_ES","og_type":"article","og_title":"RHS-RHV: Enfriadores monobloque condensados por aire para exterior, R134A, R513A - Novafrigo","og_description":"Los enfriadores de agua monobloque de la Serie RHS-RHV, condensados por aire, para instalaci\u00f3n en exteriores, han sido dise\u00f1ados para producir agua fr\u00eda de proceso destinada a la refrigeraci\u00f3n de instalaciones industriales en circuito cerrado o abierto. Son unidades frigor\u00edficas completamente aut\u00f3nomas, compuestas por un circuito hidr\u00e1ulico que incluye una electrobomba.  Los conceptos constructivos empleados permiten alcanzar una alta eficiencia, resultado de un consumo energ\u00e9tico m\u00ednimo incluso en condiciones extremas de operaci\u00f3n (climas tropicales con temperaturas ambiente de hasta +45\u00b0C).  Las m\u00e1quinas est\u00e1n equipadas con compresores scroll o compresores de tornillo. La capacidad frigor\u00edfica var\u00eda desde 70 kW hasta 750 kW, con una temperatura del glicol de 20\u00b0\/15\u00b0C y una temperatura ambiente de 25\u00b0C.","og_url":"https:\/\/novafrigo.it\/es\/producto\/rhs-rhv-enfriadores-monobloque-condensados-por-aire-para-exterior-r134a-r513a\/","og_site_name":"Novafrigo","article_modified_time":"2025-03-18T15:53:42+00:00","og_image":[{"width":1500,"height":1500,"url":"https:\/\/novafrigo.it\/wp-content\/uploads\/2024\/04\/Refrigeratori-RCS.jpg","type":"image\/jpeg"}],"twitter_card":"summary_large_image","schema":{"@context":"https:\/\/schema.org","@graph":[{"@type":"WebPage","@id":"https:\/\/novafrigo.it\/es\/producto\/rhs-rhv-enfriadores-monobloque-condensados-por-aire-para-exterior-r134a-r513a\/","url":"https:\/\/novafrigo.it\/es\/producto\/rhs-rhv-enfriadores-monobloque-condensados-por-aire-para-exterior-r134a-r513a\/","name":"RHS-RHV: Enfriadores monobloque condensados por aire para exterior, R134A, R513A - Novafrigo","isPartOf":{"@id":"https:\/\/novafrigo.it\/es\/#website"},"primaryImageOfPage":{"@id":"https:\/\/novafrigo.it\/es\/producto\/rhs-rhv-enfriadores-monobloque-condensados-por-aire-para-exterior-r134a-r513a\/#primaryimage"},"image":{"@id":"https:\/\/novafrigo.it\/es\/producto\/rhs-rhv-enfriadores-monobloque-condensados-por-aire-para-exterior-r134a-r513a\/#primaryimage"},"thumbnailUrl":"https:\/\/novafrigo.it\/wp-content\/uploads\/2024\/04\/Refrigeratori-RCS.jpg","datePublished":"2024-06-28T08:50:02+00:00","dateModified":"2025-03-18T15:53:42+00:00","breadcrumb":{"@id":"https:\/\/novafrigo.it\/es\/producto\/rhs-rhv-enfriadores-monobloque-condensados-por-aire-para-exterior-r134a-r513a\/#breadcrumb"},"inLanguage":"es","potentialAction":[{"@type":"ReadAction","target":["https:\/\/novafrigo.it\/es\/producto\/rhs-rhv-enfriadores-monobloque-condensados-por-aire-para-exterior-r134a-r513a\/"]}]},{"@type":"ImageObject","inLanguage":"es","@id":"https:\/\/novafrigo.it\/es\/producto\/rhs-rhv-enfriadores-monobloque-condensados-por-aire-para-exterior-r134a-r513a\/#primaryimage","url":"https:\/\/novafrigo.it\/wp-content\/uploads\/2024\/04\/Refrigeratori-RCS.jpg","contentUrl":"https:\/\/novafrigo.it\/wp-content\/uploads\/2024\/04\/Refrigeratori-RCS.jpg","width":1500,"height":1500},{"@type":"BreadcrumbList","@id":"https:\/\/novafrigo.it\/es\/producto\/rhs-rhv-enfriadores-monobloque-condensados-por-aire-para-exterior-r134a-r513a\/#breadcrumb","itemListElement":[{"@type":"ListItem","position":1,"name":"Home","item":"https:\/\/novafrigo.it\/es\/"},{"@type":"ListItem","position":2,"name":"Shop","item":"https:\/\/novafrigo.it\/negozio\/"},{"@type":"ListItem","position":3,"name":"RHS-RHV: Enfriadores monobloque condensados por aire para exterior, R134A, R513A"}]},{"@type":"WebSite","@id":"https:\/\/novafrigo.it\/es\/#website","url":"https:\/\/novafrigo.it\/es\/","name":"Novafrigo","description":"Industrial Refrigeration","publisher":{"@id":"https:\/\/novafrigo.it\/es\/#organization"},"potentialAction":[{"@type":"SearchAction","target":{"@type":"EntryPoint","urlTemplate":"https:\/\/novafrigo.it\/es\/?s={search_term_string}"},"query-input":{"@type":"PropertyValueSpecification","valueRequired":true,"valueName":"search_term_string"}}],"inLanguage":"es"},{"@type":"Organization","@id":"https:\/\/novafrigo.it\/es\/#organization","name":"Nova Frigo","url":"https:\/\/novafrigo.it\/es\/","logo":{"@type":"ImageObject","inLanguage":"es","@id":"https:\/\/novafrigo.it\/es\/#\/schema\/logo\/image\/","url":"https:\/\/novafrigo.it\/wp-content\/uploads\/2024\/05\/favicon-apple.png","contentUrl":"https:\/\/novafrigo.it\/wp-content\/uploads\/2024\/05\/favicon-apple.png","width":180,"height":180,"caption":"Nova Frigo"},"image":{"@id":"https:\/\/novafrigo.it\/es\/#\/schema\/logo\/image\/"},"sameAs":["https:\/\/www.linkedin.com\/in\/nova-frigo-engineering\/"]}]}},"_links":{"self":[{"href":"https:\/\/novafrigo.it\/es\/wp-json\/wp\/v2\/product\/9685","targetHints":{"allow":["GET"]}}],"collection":[{"href":"https:\/\/novafrigo.it\/es\/wp-json\/wp\/v2\/product"}],"about":[{"href":"https:\/\/novafrigo.it\/es\/wp-json\/wp\/v2\/types\/product"}],"wp:featuredmedia":[{"embeddable":true,"href":"https:\/\/novafrigo.it\/es\/wp-json\/wp\/v2\/media\/9679"}],"wp:attachment":[{"href":"https:\/\/novafrigo.it\/es\/wp-json\/wp\/v2\/media?parent=9685"}],"wp:term":[{"taxonomy":"product_brand","embeddable":true,"href":"https:\/\/novafrigo.it\/es\/wp-json\/wp\/v2\/product_brand?post=9685"},{"taxonomy":"product_cat","embeddable":true,"href":"https:\/\/novafrigo.it\/es\/wp-json\/wp\/v2\/product_cat?post=9685"},{"taxonomy":"product_tag","embeddable":true,"href":"https:\/\/novafrigo.it\/es\/wp-json\/wp\/v2\/product_tag?post=9685"}],"curies":[{"name":"wp","href":"https:\/\/api.w.org\/{rel}","templated":true}]}}