{"id":9682,"date":"2024-06-28T11:33:42","date_gmt":"2024-06-28T09:33:42","guid":{"rendered":"https:\/\/novafrigo.it\/prodotto\/rhp-rhv-refrigeratori-monoblocco-condensati-ad-aria-per-esterno-r290\/"},"modified":"2025-03-18T16:50:27","modified_gmt":"2025-03-18T15:50:27","slug":"rhp-rhv-enfriadores-monobloque-condensados-por-aire-para-exteriores-r290","status":"publish","type":"product","link":"https:\/\/novafrigo.it\/es\/producto\/rhp-rhv-enfriadores-monobloque-condensados-por-aire-para-exteriores-r290\/","title":{"rendered":"RHP \/ RHV: Enfriadores monobloque condensados por aire para exteriores (R290)"},"content":{"rendered":"<p><a class=\"button  button_left button_full_width button_size_1\" href=\"\"     target=\"_blank\"    title=\"\"><span class=\"button_icon\"><i class=\"fas fa-file-pdf\"  aria-hidden=\"true\"><\/i><\/span><span class=\"button_label\">Descarga el folleto<\/span><\/a>\n<br \/>\n<a class=\"button  button_full_width button_size_1\" href=\"https:\/\/novafrigo.ideasw.net\/NovaFrigo\/Account\/Login?ReturnUrl=%2FNovaFrigo%2F\"     target=\"_blank\"    title=\"\"><span class=\"button_label\">Ve al software de selecci\u00f3n<\/span><\/a>\n<\/p>\n","protected":false},"excerpt":{"rendered":"<p>Los enfriadores de agua monobloque de la serie <strong>RHP\/RHV<\/strong>, condensados por aire y dise\u00f1ados para instalaci\u00f3n en exteriores, han sido concebidos para producir agua fr\u00eda de proceso destinada a la refrigeraci\u00f3n de sistemas industriales en circuito cerrado o abierto.<br \/>\nEstas unidades frigor\u00edficas son completamente aut\u00f3nomas y est\u00e1n equipadas con un circuito hidr\u00e1ulico completo con electrobomba.<\/p>\n<p>Los conceptos constructivos empleados permiten alcanzar una alta eficiencia con un consumo energ\u00e9tico m\u00ednimo, incluso en condiciones extremas de uso (climas tropicales con temperaturas ambientales de hasta +45\u00b0C).<br \/>\nLas m\u00e1quinas est\u00e1n equipadas con compresores semiherm\u00e9ticos de pist\u00f3n o de tornillo.<\/p>\n<p><strong>Capacidad frigor\u00edfica<\/strong>: var\u00eda de 75 kW a 730 kW, con una temperatura de glicol de 20\u00b0\/15\u00b0C y una temperatura ambiente de 25\u00b0C<\/p>\n","protected":false},"featured_media":9683,"template":"","meta":[],"product_brand":[],"product_cat":[177,181,179],"product_tag":[206,207,194],"class_list":{"0":"post-9682","1":"product","2":"type-product","3":"status-publish","4":"has-post-thumbnail","6":"product_cat-agroalimentario","7":"product_cat-caucho-y-plastico","8":"product_cat-farmaceutico-es","9":"product_tag-gases-naturales","10":"product_tag-gwp-bajo","11":"product_tag-r290-es","13":"first","14":"instock","15":"shipping-taxable","16":"product-type-simple"},"yoast_head":"<!-- This site is optimized with the Yoast SEO plugin v27.3 - https:\/\/yoast.com\/product\/yoast-seo-wordpress\/ -->\n<title>RHP \/ RHV: Enfriadores monobloque condensados por aire para exteriores (R290) - Novafrigo<\/title>\n<meta name=\"robots\" content=\"index, follow, max-snippet:-1, max-image-preview:large, max-video-preview:-1\" \/>\n<link rel=\"canonical\" href=\"https:\/\/novafrigo.it\/es\/producto\/rhp-rhv-enfriadores-monobloque-condensados-por-aire-para-exteriores-r290\/\" \/>\n<meta property=\"og:locale\" content=\"es_ES\" \/>\n<meta property=\"og:type\" content=\"article\" \/>\n<meta property=\"og:title\" content=\"RHP \/ RHV: Enfriadores monobloque condensados por aire para exteriores (R290) - Novafrigo\" \/>\n<meta property=\"og:description\" content=\"Los enfriadores de agua monobloque de la serie RHP\/RHV, condensados por aire y dise\u00f1ados para instalaci\u00f3n en exteriores, han sido concebidos para producir agua fr\u00eda de proceso destinada a la refrigeraci\u00f3n de sistemas industriales en circuito cerrado o abierto. Estas unidades frigor\u00edficas son completamente aut\u00f3nomas y est\u00e1n equipadas con un circuito hidr\u00e1ulico completo con electrobomba.  Los conceptos constructivos empleados permiten alcanzar una alta eficiencia con un consumo energ\u00e9tico m\u00ednimo, incluso en condiciones extremas de uso (climas tropicales con temperaturas ambientales de hasta +45\u00b0C). Las m\u00e1quinas est\u00e1n equipadas con compresores semiherm\u00e9ticos de pist\u00f3n o de tornillo.  Capacidad frigor\u00edfica: var\u00eda de 75 kW a 730 kW, con una temperatura de glicol de 20\u00b0\/15\u00b0C y una temperatura ambiente de 25\u00b0C\" \/>\n<meta property=\"og:url\" content=\"https:\/\/novafrigo.it\/es\/producto\/rhp-rhv-enfriadores-monobloque-condensados-por-aire-para-exteriores-r290\/\" \/>\n<meta property=\"og:site_name\" content=\"Novafrigo\" \/>\n<meta property=\"article:modified_time\" content=\"2025-03-18T15:50:27+00:00\" \/>\n<meta property=\"og:image\" content=\"https:\/\/novafrigo.it\/wp-content\/uploads\/2024\/04\/RCS-Refrigeratori-modulari-3.jpg\" \/>\n\t<meta property=\"og:image:width\" content=\"1500\" \/>\n\t<meta property=\"og:image:height\" content=\"1500\" \/>\n\t<meta property=\"og:image:type\" content=\"image\/jpeg\" \/>\n<meta name=\"twitter:card\" content=\"summary_large_image\" \/>\n<script type=\"application\/ld+json\" class=\"yoast-schema-graph\">{\"@context\":\"https:\\\/\\\/schema.org\",\"@graph\":[{\"@type\":\"WebPage\",\"@id\":\"https:\\\/\\\/novafrigo.it\\\/es\\\/producto\\\/rhp-rhv-enfriadores-monobloque-condensados-por-aire-para-exteriores-r290\\\/\",\"url\":\"https:\\\/\\\/novafrigo.it\\\/es\\\/producto\\\/rhp-rhv-enfriadores-monobloque-condensados-por-aire-para-exteriores-r290\\\/\",\"name\":\"RHP \\\/ RHV: Enfriadores monobloque condensados por aire para exteriores (R290) - Novafrigo\",\"isPartOf\":{\"@id\":\"https:\\\/\\\/novafrigo.it\\\/es\\\/#website\"},\"primaryImageOfPage\":{\"@id\":\"https:\\\/\\\/novafrigo.it\\\/es\\\/producto\\\/rhp-rhv-enfriadores-monobloque-condensados-por-aire-para-exteriores-r290\\\/#primaryimage\"},\"image\":{\"@id\":\"https:\\\/\\\/novafrigo.it\\\/es\\\/producto\\\/rhp-rhv-enfriadores-monobloque-condensados-por-aire-para-exteriores-r290\\\/#primaryimage\"},\"thumbnailUrl\":\"https:\\\/\\\/novafrigo.it\\\/wp-content\\\/uploads\\\/2024\\\/04\\\/RCS-Refrigeratori-modulari-3.jpg\",\"datePublished\":\"2024-06-28T09:33:42+00:00\",\"dateModified\":\"2025-03-18T15:50:27+00:00\",\"breadcrumb\":{\"@id\":\"https:\\\/\\\/novafrigo.it\\\/es\\\/producto\\\/rhp-rhv-enfriadores-monobloque-condensados-por-aire-para-exteriores-r290\\\/#breadcrumb\"},\"inLanguage\":\"es\",\"potentialAction\":[{\"@type\":\"ReadAction\",\"target\":[\"https:\\\/\\\/novafrigo.it\\\/es\\\/producto\\\/rhp-rhv-enfriadores-monobloque-condensados-por-aire-para-exteriores-r290\\\/\"]}]},{\"@type\":\"ImageObject\",\"inLanguage\":\"es\",\"@id\":\"https:\\\/\\\/novafrigo.it\\\/es\\\/producto\\\/rhp-rhv-enfriadores-monobloque-condensados-por-aire-para-exteriores-r290\\\/#primaryimage\",\"url\":\"https:\\\/\\\/novafrigo.it\\\/wp-content\\\/uploads\\\/2024\\\/04\\\/RCS-Refrigeratori-modulari-3.jpg\",\"contentUrl\":\"https:\\\/\\\/novafrigo.it\\\/wp-content\\\/uploads\\\/2024\\\/04\\\/RCS-Refrigeratori-modulari-3.jpg\",\"width\":1500,\"height\":1500},{\"@type\":\"BreadcrumbList\",\"@id\":\"https:\\\/\\\/novafrigo.it\\\/es\\\/producto\\\/rhp-rhv-enfriadores-monobloque-condensados-por-aire-para-exteriores-r290\\\/#breadcrumb\",\"itemListElement\":[{\"@type\":\"ListItem\",\"position\":1,\"name\":\"Home\",\"item\":\"https:\\\/\\\/novafrigo.it\\\/es\\\/\"},{\"@type\":\"ListItem\",\"position\":2,\"name\":\"Shop\",\"item\":\"https:\\\/\\\/novafrigo.it\\\/negozio\\\/\"},{\"@type\":\"ListItem\",\"position\":3,\"name\":\"RHP \\\/ RHV: Enfriadores monobloque condensados por aire para exteriores (R290)\"}]},{\"@type\":\"WebSite\",\"@id\":\"https:\\\/\\\/novafrigo.it\\\/es\\\/#website\",\"url\":\"https:\\\/\\\/novafrigo.it\\\/es\\\/\",\"name\":\"Novafrigo\",\"description\":\"Industrial Refrigeration\",\"publisher\":{\"@id\":\"https:\\\/\\\/novafrigo.it\\\/es\\\/#organization\"},\"potentialAction\":[{\"@type\":\"SearchAction\",\"target\":{\"@type\":\"EntryPoint\",\"urlTemplate\":\"https:\\\/\\\/novafrigo.it\\\/es\\\/?s={search_term_string}\"},\"query-input\":{\"@type\":\"PropertyValueSpecification\",\"valueRequired\":true,\"valueName\":\"search_term_string\"}}],\"inLanguage\":\"es\"},{\"@type\":\"Organization\",\"@id\":\"https:\\\/\\\/novafrigo.it\\\/es\\\/#organization\",\"name\":\"Nova Frigo\",\"url\":\"https:\\\/\\\/novafrigo.it\\\/es\\\/\",\"logo\":{\"@type\":\"ImageObject\",\"inLanguage\":\"es\",\"@id\":\"https:\\\/\\\/novafrigo.it\\\/es\\\/#\\\/schema\\\/logo\\\/image\\\/\",\"url\":\"https:\\\/\\\/novafrigo.it\\\/wp-content\\\/uploads\\\/2024\\\/05\\\/favicon-apple.png\",\"contentUrl\":\"https:\\\/\\\/novafrigo.it\\\/wp-content\\\/uploads\\\/2024\\\/05\\\/favicon-apple.png\",\"width\":180,\"height\":180,\"caption\":\"Nova Frigo\"},\"image\":{\"@id\":\"https:\\\/\\\/novafrigo.it\\\/es\\\/#\\\/schema\\\/logo\\\/image\\\/\"},\"sameAs\":[\"https:\\\/\\\/www.linkedin.com\\\/in\\\/nova-frigo-engineering\\\/\"]}]}<\/script>\n<!-- \/ Yoast SEO plugin. -->","yoast_head_json":{"title":"RHP \/ RHV: Enfriadores monobloque condensados por aire para exteriores (R290) - Novafrigo","robots":{"index":"index","follow":"follow","max-snippet":"max-snippet:-1","max-image-preview":"max-image-preview:large","max-video-preview":"max-video-preview:-1"},"canonical":"https:\/\/novafrigo.it\/es\/producto\/rhp-rhv-enfriadores-monobloque-condensados-por-aire-para-exteriores-r290\/","og_locale":"es_ES","og_type":"article","og_title":"RHP \/ RHV: Enfriadores monobloque condensados por aire para exteriores (R290) - Novafrigo","og_description":"Los enfriadores de agua monobloque de la serie RHP\/RHV, condensados por aire y dise\u00f1ados para instalaci\u00f3n en exteriores, han sido concebidos para producir agua fr\u00eda de proceso destinada a la refrigeraci\u00f3n de sistemas industriales en circuito cerrado o abierto. Estas unidades frigor\u00edficas son completamente aut\u00f3nomas y est\u00e1n equipadas con un circuito hidr\u00e1ulico completo con electrobomba.  Los conceptos constructivos empleados permiten alcanzar una alta eficiencia con un consumo energ\u00e9tico m\u00ednimo, incluso en condiciones extremas de uso (climas tropicales con temperaturas ambientales de hasta +45\u00b0C). Las m\u00e1quinas est\u00e1n equipadas con compresores semiherm\u00e9ticos de pist\u00f3n o de tornillo.  Capacidad frigor\u00edfica: var\u00eda de 75 kW a 730 kW, con una temperatura de glicol de 20\u00b0\/15\u00b0C y una temperatura ambiente de 25\u00b0C","og_url":"https:\/\/novafrigo.it\/es\/producto\/rhp-rhv-enfriadores-monobloque-condensados-por-aire-para-exteriores-r290\/","og_site_name":"Novafrigo","article_modified_time":"2025-03-18T15:50:27+00:00","og_image":[{"width":1500,"height":1500,"url":"https:\/\/novafrigo.it\/wp-content\/uploads\/2024\/04\/RCS-Refrigeratori-modulari-3.jpg","type":"image\/jpeg"}],"twitter_card":"summary_large_image","schema":{"@context":"https:\/\/schema.org","@graph":[{"@type":"WebPage","@id":"https:\/\/novafrigo.it\/es\/producto\/rhp-rhv-enfriadores-monobloque-condensados-por-aire-para-exteriores-r290\/","url":"https:\/\/novafrigo.it\/es\/producto\/rhp-rhv-enfriadores-monobloque-condensados-por-aire-para-exteriores-r290\/","name":"RHP \/ RHV: Enfriadores monobloque condensados por aire para exteriores (R290) - Novafrigo","isPartOf":{"@id":"https:\/\/novafrigo.it\/es\/#website"},"primaryImageOfPage":{"@id":"https:\/\/novafrigo.it\/es\/producto\/rhp-rhv-enfriadores-monobloque-condensados-por-aire-para-exteriores-r290\/#primaryimage"},"image":{"@id":"https:\/\/novafrigo.it\/es\/producto\/rhp-rhv-enfriadores-monobloque-condensados-por-aire-para-exteriores-r290\/#primaryimage"},"thumbnailUrl":"https:\/\/novafrigo.it\/wp-content\/uploads\/2024\/04\/RCS-Refrigeratori-modulari-3.jpg","datePublished":"2024-06-28T09:33:42+00:00","dateModified":"2025-03-18T15:50:27+00:00","breadcrumb":{"@id":"https:\/\/novafrigo.it\/es\/producto\/rhp-rhv-enfriadores-monobloque-condensados-por-aire-para-exteriores-r290\/#breadcrumb"},"inLanguage":"es","potentialAction":[{"@type":"ReadAction","target":["https:\/\/novafrigo.it\/es\/producto\/rhp-rhv-enfriadores-monobloque-condensados-por-aire-para-exteriores-r290\/"]}]},{"@type":"ImageObject","inLanguage":"es","@id":"https:\/\/novafrigo.it\/es\/producto\/rhp-rhv-enfriadores-monobloque-condensados-por-aire-para-exteriores-r290\/#primaryimage","url":"https:\/\/novafrigo.it\/wp-content\/uploads\/2024\/04\/RCS-Refrigeratori-modulari-3.jpg","contentUrl":"https:\/\/novafrigo.it\/wp-content\/uploads\/2024\/04\/RCS-Refrigeratori-modulari-3.jpg","width":1500,"height":1500},{"@type":"BreadcrumbList","@id":"https:\/\/novafrigo.it\/es\/producto\/rhp-rhv-enfriadores-monobloque-condensados-por-aire-para-exteriores-r290\/#breadcrumb","itemListElement":[{"@type":"ListItem","position":1,"name":"Home","item":"https:\/\/novafrigo.it\/es\/"},{"@type":"ListItem","position":2,"name":"Shop","item":"https:\/\/novafrigo.it\/negozio\/"},{"@type":"ListItem","position":3,"name":"RHP \/ RHV: Enfriadores monobloque condensados por aire para exteriores (R290)"}]},{"@type":"WebSite","@id":"https:\/\/novafrigo.it\/es\/#website","url":"https:\/\/novafrigo.it\/es\/","name":"Novafrigo","description":"Industrial Refrigeration","publisher":{"@id":"https:\/\/novafrigo.it\/es\/#organization"},"potentialAction":[{"@type":"SearchAction","target":{"@type":"EntryPoint","urlTemplate":"https:\/\/novafrigo.it\/es\/?s={search_term_string}"},"query-input":{"@type":"PropertyValueSpecification","valueRequired":true,"valueName":"search_term_string"}}],"inLanguage":"es"},{"@type":"Organization","@id":"https:\/\/novafrigo.it\/es\/#organization","name":"Nova Frigo","url":"https:\/\/novafrigo.it\/es\/","logo":{"@type":"ImageObject","inLanguage":"es","@id":"https:\/\/novafrigo.it\/es\/#\/schema\/logo\/image\/","url":"https:\/\/novafrigo.it\/wp-content\/uploads\/2024\/05\/favicon-apple.png","contentUrl":"https:\/\/novafrigo.it\/wp-content\/uploads\/2024\/05\/favicon-apple.png","width":180,"height":180,"caption":"Nova Frigo"},"image":{"@id":"https:\/\/novafrigo.it\/es\/#\/schema\/logo\/image\/"},"sameAs":["https:\/\/www.linkedin.com\/in\/nova-frigo-engineering\/"]}]}},"_links":{"self":[{"href":"https:\/\/novafrigo.it\/es\/wp-json\/wp\/v2\/product\/9682","targetHints":{"allow":["GET"]}}],"collection":[{"href":"https:\/\/novafrigo.it\/es\/wp-json\/wp\/v2\/product"}],"about":[{"href":"https:\/\/novafrigo.it\/es\/wp-json\/wp\/v2\/types\/product"}],"wp:featuredmedia":[{"embeddable":true,"href":"https:\/\/novafrigo.it\/es\/wp-json\/wp\/v2\/media\/9683"}],"wp:attachment":[{"href":"https:\/\/novafrigo.it\/es\/wp-json\/wp\/v2\/media?parent=9682"}],"wp:term":[{"taxonomy":"product_brand","embeddable":true,"href":"https:\/\/novafrigo.it\/es\/wp-json\/wp\/v2\/product_brand?post=9682"},{"taxonomy":"product_cat","embeddable":true,"href":"https:\/\/novafrigo.it\/es\/wp-json\/wp\/v2\/product_cat?post=9682"},{"taxonomy":"product_tag","embeddable":true,"href":"https:\/\/novafrigo.it\/es\/wp-json\/wp\/v2\/product_tag?post=9682"}],"curies":[{"name":"wp","href":"https:\/\/api.w.org\/{rel}","templated":true}]}}