{"id":9670,"date":"2024-06-28T10:44:15","date_gmt":"2024-06-28T08:44:15","guid":{"rendered":"https:\/\/novafrigo.it\/prodotto\/rc-m-refrigeratori-monoblocco-condensati-ad-aria-per-interno-r407c\/"},"modified":"2025-03-18T16:46:13","modified_gmt":"2025-03-18T15:46:13","slug":"rc-m-enfriadores-monobloque-condensados-por-aire-para-interiores-r407c","status":"publish","type":"product","link":"https:\/\/novafrigo.it\/es\/producto\/rc-m-enfriadores-monobloque-condensados-por-aire-para-interiores-r407c\/","title":{"rendered":"RC\/m &#8211; RS\/m: Enfriradores monobloque condensados por aire para interior y exterior, R407C"},"content":{"rendered":"<a class=\"button  button_full_width button_size_1\" href=\"https:\/\/novafrigo.it\/wp-content\/uploads\/2025\/01\/RC-M-ING.pdf\"     target=\"_blank\"    title=\"\"><span class=\"button_label\">Descarga el folleto RC\/m<\/span><\/a>\n\n<a class=\"button  button_full_width button_size_1\" href=\"https:\/\/novafrigo.it\/wp-content\/uploads\/2025\/01\/RS-M-ING.pdf\"     target=\"_blank\"    title=\"\"><span class=\"button_label\">Descarga el folleto RS\/m<\/span><\/a>\n\n","protected":false},"excerpt":{"rendered":"<p>Los enfriadores de agua monobloque de la serie <strong>RC\/m<\/strong>, condensados por aire, para instalaci\u00f3n en interiores o exteriores bajo techado, han sido dise\u00f1ados para producir agua fr\u00eda de proceso destinada a la refrigeraci\u00f3n de sistemas industriales en circuito cerrado o abierto. Son unidades frigor\u00edficas completamente aut\u00f3nomas, equipadas con un circuito hidr\u00e1ulico completo con electrobomba. Los conceptos constructivos empleados permiten alcanzar una alta eficiencia, resultado de un consumo energ\u00e9tico m\u00ednimo, incluso en condiciones extremas de uso (climas tropicales con temperaturas ambientales de hasta +45\u00b0C). Las m\u00e1quinas est\u00e1n equipadas con compresores scroll. <strong>Capacidad frigor\u00edfica<\/strong> var\u00eda de 50 kW a 120 kW, con una temperatura de glicol de 20\u00b0\/15\u00b0C y una temperatura ambiente de 25\u00b0C.<br \/>\n<hr class=\"\" style=\"margin:0 auto 20px;\"\/>\n<br \/>\nLos enfriadores de agua monobloque de la serie <strong>RS\/m<\/strong>, condensados por aire y dise\u00f1ados para instalaci\u00f3n en exteriores, han sido concebidos para producir agua fr\u00eda de proceso destinada a la refrigeraci\u00f3n de sistemas industriales en circuito cerrado o abierto. Son unidades frigor\u00edficas completamente aut\u00f3nomas, equipadas con un circuito hidr\u00e1ulico completo con electrobomba. Los conceptos constructivos empleados permiten alcanzar una alta eficiencia, resultado de un consumo energ\u00e9tico m\u00ednimo, incluso en condiciones extremas de uso (climas tropicales con temperaturas ambientales de hasta +45\u00b0C). Las m\u00e1quinas est\u00e1n equipadas con compresores scroll.<br \/>\n<strong>Capacidad frigor\u00edfica<\/strong>: var\u00eda de 50 kW a 1200 kW, con una temperatura de glicol de 20\u00b0\/15\u00b0C y una temperatura ambiente de 25\u00b0C.<\/p>\n","protected":false},"featured_media":9666,"template":"","meta":[],"product_brand":[],"product_cat":[177,181,179,180],"product_tag":[196],"class_list":{"0":"post-9670","1":"product","2":"type-product","3":"status-publish","4":"has-post-thumbnail","6":"product_cat-agroalimentario","7":"product_cat-caucho-y-plastico","8":"product_cat-farmaceutico-es","9":"product_cat-galvanica-quimica-petrolero","10":"product_tag-r407c-es","12":"first","13":"instock","14":"shipping-taxable","15":"product-type-simple"},"yoast_head":"<!-- This site is optimized with the Yoast SEO plugin v27.3 - https:\/\/yoast.com\/product\/yoast-seo-wordpress\/ -->\n<title>RC\/m - RS\/m: Enfriradores monobloque condensados por aire para interior y exterior, R407C - Novafrigo<\/title>\n<meta name=\"robots\" content=\"index, follow, max-snippet:-1, max-image-preview:large, max-video-preview:-1\" \/>\n<link rel=\"canonical\" href=\"https:\/\/novafrigo.it\/es\/producto\/rc-m-enfriadores-monobloque-condensados-por-aire-para-interiores-r407c\/\" \/>\n<meta property=\"og:locale\" content=\"es_ES\" \/>\n<meta property=\"og:type\" content=\"article\" \/>\n<meta property=\"og:title\" content=\"RC\/m - RS\/m: Enfriradores monobloque condensados por aire para interior y exterior, R407C - Novafrigo\" \/>\n<meta property=\"og:description\" content=\"Los enfriadores de agua monobloque de la serie RC\/m, condensados por aire, para instalaci\u00f3n en interiores o exteriores bajo techado, han sido dise\u00f1ados para producir agua fr\u00eda de proceso destinada a la refrigeraci\u00f3n de sistemas industriales en circuito cerrado o abierto. Son unidades frigor\u00edficas completamente aut\u00f3nomas, equipadas con un circuito hidr\u00e1ulico completo con electrobomba. Los conceptos constructivos empleados permiten alcanzar una alta eficiencia, resultado de un consumo energ\u00e9tico m\u00ednimo, incluso en condiciones extremas de uso (climas tropicales con temperaturas ambientales de hasta +45\u00b0C). Las m\u00e1quinas est\u00e1n equipadas con compresores scroll. Capacidad frigor\u00edfica var\u00eda de 50 kW a 120 kW, con una temperatura de glicol de 20\u00b0\/15\u00b0C y una temperatura ambiente de 25\u00b0C.  Los enfriadores de agua monobloque de la serie RS\/m, condensados por aire y dise\u00f1ados para instalaci\u00f3n en exteriores, han sido concebidos para producir agua fr\u00eda de proceso destinada a la refrigeraci\u00f3n de sistemas industriales en circuito cerrado o abierto. Son unidades frigor\u00edficas completamente aut\u00f3nomas, equipadas con un circuito hidr\u00e1ulico completo con electrobomba. Los conceptos constructivos empleados permiten alcanzar una alta eficiencia, resultado de un consumo energ\u00e9tico m\u00ednimo, incluso en condiciones extremas de uso (climas tropicales con temperaturas ambientales de hasta +45\u00b0C). Las m\u00e1quinas est\u00e1n equipadas con compresores scroll. Capacidad frigor\u00edfica: var\u00eda de 50 kW a 1200 kW, con una temperatura de glicol de 20\u00b0\/15\u00b0C y una temperatura ambiente de 25\u00b0C.\" \/>\n<meta property=\"og:url\" content=\"https:\/\/novafrigo.it\/es\/producto\/rc-m-enfriadores-monobloque-condensados-por-aire-para-interiores-r407c\/\" \/>\n<meta property=\"og:site_name\" content=\"Novafrigo\" \/>\n<meta property=\"article:modified_time\" content=\"2025-03-18T15:46:13+00:00\" \/>\n<meta property=\"og:image\" content=\"https:\/\/novafrigo.it\/wp-content\/uploads\/2024\/04\/RC.jpg\" \/>\n\t<meta property=\"og:image:width\" content=\"1500\" \/>\n\t<meta property=\"og:image:height\" content=\"1500\" \/>\n\t<meta property=\"og:image:type\" content=\"image\/jpeg\" \/>\n<meta name=\"twitter:card\" content=\"summary_large_image\" \/>\n<meta name=\"twitter:label1\" content=\"Tiempo de lectura\" \/>\n\t<meta name=\"twitter:data1\" content=\"1 minuto\" \/>\n<script type=\"application\/ld+json\" class=\"yoast-schema-graph\">{\"@context\":\"https:\\\/\\\/schema.org\",\"@graph\":[{\"@type\":\"WebPage\",\"@id\":\"https:\\\/\\\/novafrigo.it\\\/es\\\/producto\\\/rc-m-enfriadores-monobloque-condensados-por-aire-para-interiores-r407c\\\/\",\"url\":\"https:\\\/\\\/novafrigo.it\\\/es\\\/producto\\\/rc-m-enfriadores-monobloque-condensados-por-aire-para-interiores-r407c\\\/\",\"name\":\"RC\\\/m - RS\\\/m: Enfriradores monobloque condensados por aire para interior y exterior, R407C - Novafrigo\",\"isPartOf\":{\"@id\":\"https:\\\/\\\/novafrigo.it\\\/es\\\/#website\"},\"primaryImageOfPage\":{\"@id\":\"https:\\\/\\\/novafrigo.it\\\/es\\\/producto\\\/rc-m-enfriadores-monobloque-condensados-por-aire-para-interiores-r407c\\\/#primaryimage\"},\"image\":{\"@id\":\"https:\\\/\\\/novafrigo.it\\\/es\\\/producto\\\/rc-m-enfriadores-monobloque-condensados-por-aire-para-interiores-r407c\\\/#primaryimage\"},\"thumbnailUrl\":\"https:\\\/\\\/novafrigo.it\\\/wp-content\\\/uploads\\\/2024\\\/04\\\/RC.jpg\",\"datePublished\":\"2024-06-28T08:44:15+00:00\",\"dateModified\":\"2025-03-18T15:46:13+00:00\",\"breadcrumb\":{\"@id\":\"https:\\\/\\\/novafrigo.it\\\/es\\\/producto\\\/rc-m-enfriadores-monobloque-condensados-por-aire-para-interiores-r407c\\\/#breadcrumb\"},\"inLanguage\":\"es\",\"potentialAction\":[{\"@type\":\"ReadAction\",\"target\":[\"https:\\\/\\\/novafrigo.it\\\/es\\\/producto\\\/rc-m-enfriadores-monobloque-condensados-por-aire-para-interiores-r407c\\\/\"]}]},{\"@type\":\"ImageObject\",\"inLanguage\":\"es\",\"@id\":\"https:\\\/\\\/novafrigo.it\\\/es\\\/producto\\\/rc-m-enfriadores-monobloque-condensados-por-aire-para-interiores-r407c\\\/#primaryimage\",\"url\":\"https:\\\/\\\/novafrigo.it\\\/wp-content\\\/uploads\\\/2024\\\/04\\\/RC.jpg\",\"contentUrl\":\"https:\\\/\\\/novafrigo.it\\\/wp-content\\\/uploads\\\/2024\\\/04\\\/RC.jpg\",\"width\":1500,\"height\":1500},{\"@type\":\"BreadcrumbList\",\"@id\":\"https:\\\/\\\/novafrigo.it\\\/es\\\/producto\\\/rc-m-enfriadores-monobloque-condensados-por-aire-para-interiores-r407c\\\/#breadcrumb\",\"itemListElement\":[{\"@type\":\"ListItem\",\"position\":1,\"name\":\"Home\",\"item\":\"https:\\\/\\\/novafrigo.it\\\/es\\\/\"},{\"@type\":\"ListItem\",\"position\":2,\"name\":\"Shop\",\"item\":\"https:\\\/\\\/novafrigo.it\\\/negozio\\\/\"},{\"@type\":\"ListItem\",\"position\":3,\"name\":\"RC\\\/m &#8211; RS\\\/m: Enfriradores monobloque condensados por aire para interior y exterior, R407C\"}]},{\"@type\":\"WebSite\",\"@id\":\"https:\\\/\\\/novafrigo.it\\\/es\\\/#website\",\"url\":\"https:\\\/\\\/novafrigo.it\\\/es\\\/\",\"name\":\"Novafrigo\",\"description\":\"Industrial Refrigeration\",\"publisher\":{\"@id\":\"https:\\\/\\\/novafrigo.it\\\/es\\\/#organization\"},\"potentialAction\":[{\"@type\":\"SearchAction\",\"target\":{\"@type\":\"EntryPoint\",\"urlTemplate\":\"https:\\\/\\\/novafrigo.it\\\/es\\\/?s={search_term_string}\"},\"query-input\":{\"@type\":\"PropertyValueSpecification\",\"valueRequired\":true,\"valueName\":\"search_term_string\"}}],\"inLanguage\":\"es\"},{\"@type\":\"Organization\",\"@id\":\"https:\\\/\\\/novafrigo.it\\\/es\\\/#organization\",\"name\":\"Nova Frigo\",\"url\":\"https:\\\/\\\/novafrigo.it\\\/es\\\/\",\"logo\":{\"@type\":\"ImageObject\",\"inLanguage\":\"es\",\"@id\":\"https:\\\/\\\/novafrigo.it\\\/es\\\/#\\\/schema\\\/logo\\\/image\\\/\",\"url\":\"https:\\\/\\\/novafrigo.it\\\/wp-content\\\/uploads\\\/2024\\\/05\\\/favicon-apple.png\",\"contentUrl\":\"https:\\\/\\\/novafrigo.it\\\/wp-content\\\/uploads\\\/2024\\\/05\\\/favicon-apple.png\",\"width\":180,\"height\":180,\"caption\":\"Nova Frigo\"},\"image\":{\"@id\":\"https:\\\/\\\/novafrigo.it\\\/es\\\/#\\\/schema\\\/logo\\\/image\\\/\"},\"sameAs\":[\"https:\\\/\\\/www.linkedin.com\\\/in\\\/nova-frigo-engineering\\\/\"]}]}<\/script>\n<!-- \/ Yoast SEO plugin. -->","yoast_head_json":{"title":"RC\/m - RS\/m: Enfriradores monobloque condensados por aire para interior y exterior, R407C - Novafrigo","robots":{"index":"index","follow":"follow","max-snippet":"max-snippet:-1","max-image-preview":"max-image-preview:large","max-video-preview":"max-video-preview:-1"},"canonical":"https:\/\/novafrigo.it\/es\/producto\/rc-m-enfriadores-monobloque-condensados-por-aire-para-interiores-r407c\/","og_locale":"es_ES","og_type":"article","og_title":"RC\/m - RS\/m: Enfriradores monobloque condensados por aire para interior y exterior, R407C - Novafrigo","og_description":"Los enfriadores de agua monobloque de la serie RC\/m, condensados por aire, para instalaci\u00f3n en interiores o exteriores bajo techado, han sido dise\u00f1ados para producir agua fr\u00eda de proceso destinada a la refrigeraci\u00f3n de sistemas industriales en circuito cerrado o abierto. Son unidades frigor\u00edficas completamente aut\u00f3nomas, equipadas con un circuito hidr\u00e1ulico completo con electrobomba. Los conceptos constructivos empleados permiten alcanzar una alta eficiencia, resultado de un consumo energ\u00e9tico m\u00ednimo, incluso en condiciones extremas de uso (climas tropicales con temperaturas ambientales de hasta +45\u00b0C). Las m\u00e1quinas est\u00e1n equipadas con compresores scroll. Capacidad frigor\u00edfica var\u00eda de 50 kW a 120 kW, con una temperatura de glicol de 20\u00b0\/15\u00b0C y una temperatura ambiente de 25\u00b0C.  Los enfriadores de agua monobloque de la serie RS\/m, condensados por aire y dise\u00f1ados para instalaci\u00f3n en exteriores, han sido concebidos para producir agua fr\u00eda de proceso destinada a la refrigeraci\u00f3n de sistemas industriales en circuito cerrado o abierto. Son unidades frigor\u00edficas completamente aut\u00f3nomas, equipadas con un circuito hidr\u00e1ulico completo con electrobomba. Los conceptos constructivos empleados permiten alcanzar una alta eficiencia, resultado de un consumo energ\u00e9tico m\u00ednimo, incluso en condiciones extremas de uso (climas tropicales con temperaturas ambientales de hasta +45\u00b0C). Las m\u00e1quinas est\u00e1n equipadas con compresores scroll. Capacidad frigor\u00edfica: var\u00eda de 50 kW a 1200 kW, con una temperatura de glicol de 20\u00b0\/15\u00b0C y una temperatura ambiente de 25\u00b0C.","og_url":"https:\/\/novafrigo.it\/es\/producto\/rc-m-enfriadores-monobloque-condensados-por-aire-para-interiores-r407c\/","og_site_name":"Novafrigo","article_modified_time":"2025-03-18T15:46:13+00:00","og_image":[{"width":1500,"height":1500,"url":"https:\/\/novafrigo.it\/wp-content\/uploads\/2024\/04\/RC.jpg","type":"image\/jpeg"}],"twitter_card":"summary_large_image","twitter_misc":{"Tiempo de lectura":"1 minuto"},"schema":{"@context":"https:\/\/schema.org","@graph":[{"@type":"WebPage","@id":"https:\/\/novafrigo.it\/es\/producto\/rc-m-enfriadores-monobloque-condensados-por-aire-para-interiores-r407c\/","url":"https:\/\/novafrigo.it\/es\/producto\/rc-m-enfriadores-monobloque-condensados-por-aire-para-interiores-r407c\/","name":"RC\/m - RS\/m: Enfriradores monobloque condensados por aire para interior y exterior, R407C - Novafrigo","isPartOf":{"@id":"https:\/\/novafrigo.it\/es\/#website"},"primaryImageOfPage":{"@id":"https:\/\/novafrigo.it\/es\/producto\/rc-m-enfriadores-monobloque-condensados-por-aire-para-interiores-r407c\/#primaryimage"},"image":{"@id":"https:\/\/novafrigo.it\/es\/producto\/rc-m-enfriadores-monobloque-condensados-por-aire-para-interiores-r407c\/#primaryimage"},"thumbnailUrl":"https:\/\/novafrigo.it\/wp-content\/uploads\/2024\/04\/RC.jpg","datePublished":"2024-06-28T08:44:15+00:00","dateModified":"2025-03-18T15:46:13+00:00","breadcrumb":{"@id":"https:\/\/novafrigo.it\/es\/producto\/rc-m-enfriadores-monobloque-condensados-por-aire-para-interiores-r407c\/#breadcrumb"},"inLanguage":"es","potentialAction":[{"@type":"ReadAction","target":["https:\/\/novafrigo.it\/es\/producto\/rc-m-enfriadores-monobloque-condensados-por-aire-para-interiores-r407c\/"]}]},{"@type":"ImageObject","inLanguage":"es","@id":"https:\/\/novafrigo.it\/es\/producto\/rc-m-enfriadores-monobloque-condensados-por-aire-para-interiores-r407c\/#primaryimage","url":"https:\/\/novafrigo.it\/wp-content\/uploads\/2024\/04\/RC.jpg","contentUrl":"https:\/\/novafrigo.it\/wp-content\/uploads\/2024\/04\/RC.jpg","width":1500,"height":1500},{"@type":"BreadcrumbList","@id":"https:\/\/novafrigo.it\/es\/producto\/rc-m-enfriadores-monobloque-condensados-por-aire-para-interiores-r407c\/#breadcrumb","itemListElement":[{"@type":"ListItem","position":1,"name":"Home","item":"https:\/\/novafrigo.it\/es\/"},{"@type":"ListItem","position":2,"name":"Shop","item":"https:\/\/novafrigo.it\/negozio\/"},{"@type":"ListItem","position":3,"name":"RC\/m &#8211; RS\/m: Enfriradores monobloque condensados por aire para interior y exterior, R407C"}]},{"@type":"WebSite","@id":"https:\/\/novafrigo.it\/es\/#website","url":"https:\/\/novafrigo.it\/es\/","name":"Novafrigo","description":"Industrial Refrigeration","publisher":{"@id":"https:\/\/novafrigo.it\/es\/#organization"},"potentialAction":[{"@type":"SearchAction","target":{"@type":"EntryPoint","urlTemplate":"https:\/\/novafrigo.it\/es\/?s={search_term_string}"},"query-input":{"@type":"PropertyValueSpecification","valueRequired":true,"valueName":"search_term_string"}}],"inLanguage":"es"},{"@type":"Organization","@id":"https:\/\/novafrigo.it\/es\/#organization","name":"Nova Frigo","url":"https:\/\/novafrigo.it\/es\/","logo":{"@type":"ImageObject","inLanguage":"es","@id":"https:\/\/novafrigo.it\/es\/#\/schema\/logo\/image\/","url":"https:\/\/novafrigo.it\/wp-content\/uploads\/2024\/05\/favicon-apple.png","contentUrl":"https:\/\/novafrigo.it\/wp-content\/uploads\/2024\/05\/favicon-apple.png","width":180,"height":180,"caption":"Nova Frigo"},"image":{"@id":"https:\/\/novafrigo.it\/es\/#\/schema\/logo\/image\/"},"sameAs":["https:\/\/www.linkedin.com\/in\/nova-frigo-engineering\/"]}]}},"_links":{"self":[{"href":"https:\/\/novafrigo.it\/es\/wp-json\/wp\/v2\/product\/9670","targetHints":{"allow":["GET"]}}],"collection":[{"href":"https:\/\/novafrigo.it\/es\/wp-json\/wp\/v2\/product"}],"about":[{"href":"https:\/\/novafrigo.it\/es\/wp-json\/wp\/v2\/types\/product"}],"wp:featuredmedia":[{"embeddable":true,"href":"https:\/\/novafrigo.it\/es\/wp-json\/wp\/v2\/media\/9666"}],"wp:attachment":[{"href":"https:\/\/novafrigo.it\/es\/wp-json\/wp\/v2\/media?parent=9670"}],"wp:term":[{"taxonomy":"product_brand","embeddable":true,"href":"https:\/\/novafrigo.it\/es\/wp-json\/wp\/v2\/product_brand?post=9670"},{"taxonomy":"product_cat","embeddable":true,"href":"https:\/\/novafrigo.it\/es\/wp-json\/wp\/v2\/product_cat?post=9670"},{"taxonomy":"product_tag","embeddable":true,"href":"https:\/\/novafrigo.it\/es\/wp-json\/wp\/v2\/product_tag?post=9670"}],"curies":[{"name":"wp","href":"https:\/\/api.w.org\/{rel}","templated":true}]}}