{"id":9662,"date":"2024-06-28T11:05:21","date_gmt":"2024-06-28T09:05:21","guid":{"rendered":"https:\/\/novafrigo.it\/prodotto\/ntco-termoregolatori-ad-olio-200c300c\/"},"modified":"2025-01-31T12:14:41","modified_gmt":"2025-01-31T11:14:41","slug":"ntco-termorreguladores-de-aceite-200c-300c","status":"publish","type":"product","link":"https:\/\/novafrigo.it\/es\/producto\/ntco-termorreguladores-de-aceite-200c-300c\/","title":{"rendered":"NTCO: Termorreguladores de aceite 200\u00b0C &#8211; 300\u00b0C"},"content":{"rendered":"<a class=\"button  button_full_width button_size_1\" href=\"https:\/\/novafrigo.it\/wp-content\/uploads\/2025\/01\/TCU-ING-ago_2024.pdf\"     target=\"_blank\"    title=\"\"><span class=\"button_label\">Descarga el folleto<\/span><\/a>\n\n","protected":false},"excerpt":{"rendered":"<p>Los termorreguladores de aceite de la serie <strong>NTCO<\/strong> est\u00e1n dise\u00f1ados para el calentamiento y la termorregulaci\u00f3n de moldes y cilindros con temperaturas de operaci\u00f3n de 200\u00b0C y 300\u00b0C.<\/p>\n<p>Se utilizan en numerosas aplicaciones industriales en los sectores del <strong>pl\u00e1stico, caucho, fundici\u00f3n a presi\u00f3n<\/strong>, y garantizan una temperatura constante para el usuario con un funcionamiento completamente autom\u00e1tico.<\/p>\n<p>El dise\u00f1o cuidadoso ha permitido lograr una excelente estabilidad de la temperatura establecida gracias al uso de componentes espec\u00edficos de regulaci\u00f3n que, con su acci\u00f3n combinada, permiten restablecer r\u00e1pida y precisamente la temperatura al valor de set-point.<\/p>\n<p>Todos los termorreguladores de Nova Frigo pueden conectarse en serie con un enfriador, y en este caso se obtiene un circuito cerrado de enfriamiento con consumo cero de agua.<\/p>\n","protected":false},"featured_media":9656,"template":"","meta":[],"product_brand":[],"product_cat":[181,179,180],"product_tag":[220,214,222],"class_list":{"0":"post-9662","1":"product","2":"type-product","3":"status-publish","4":"has-post-thumbnail","6":"product_cat-caucho-y-plastico","7":"product_cat-farmaceutico-es","8":"product_cat-galvanica-quimica-petrolero","9":"product_tag-termorregulacion-industrial","10":"product_tag-unidad-de-control-para-moldeo-por-inyeccion","11":"product_tag-unidades-de-termorregulacion","13":"first","14":"instock","15":"shipping-taxable","16":"product-type-simple"},"yoast_head":"<!-- This site is optimized with the Yoast SEO plugin v27.3 - https:\/\/yoast.com\/product\/yoast-seo-wordpress\/ -->\n<title>NTCO: Termorreguladores de aceite 200\u00b0C - 300\u00b0C - Novafrigo<\/title>\n<meta name=\"robots\" content=\"index, follow, max-snippet:-1, max-image-preview:large, max-video-preview:-1\" \/>\n<link rel=\"canonical\" href=\"https:\/\/novafrigo.it\/es\/producto\/ntco-termorreguladores-de-aceite-200c-300c\/\" \/>\n<meta property=\"og:locale\" content=\"es_ES\" \/>\n<meta property=\"og:type\" content=\"article\" \/>\n<meta property=\"og:title\" content=\"NTCO: Termorreguladores de aceite 200\u00b0C - 300\u00b0C - Novafrigo\" \/>\n<meta property=\"og:description\" content=\"Los termorreguladores de aceite de la serie NTCO est\u00e1n dise\u00f1ados para el calentamiento y la termorregulaci\u00f3n de moldes y cilindros con temperaturas de operaci\u00f3n de 200\u00b0C y 300\u00b0C.  Se utilizan en numerosas aplicaciones industriales en los sectores del pl\u00e1stico, caucho, fundici\u00f3n a presi\u00f3n, y garantizan una temperatura constante para el usuario con un funcionamiento completamente autom\u00e1tico.  El dise\u00f1o cuidadoso ha permitido lograr una excelente estabilidad de la temperatura establecida gracias al uso de componentes espec\u00edficos de regulaci\u00f3n que, con su acci\u00f3n combinada, permiten restablecer r\u00e1pida y precisamente la temperatura al valor de set-point.  Todos los termorreguladores de Nova Frigo pueden conectarse en serie con un enfriador, y en este caso se obtiene un circuito cerrado de enfriamiento con consumo cero de agua.\" \/>\n<meta property=\"og:url\" content=\"https:\/\/novafrigo.it\/es\/producto\/ntco-termorreguladores-de-aceite-200c-300c\/\" \/>\n<meta property=\"og:site_name\" content=\"Novafrigo\" \/>\n<meta property=\"article:modified_time\" content=\"2025-01-31T11:14:41+00:00\" \/>\n<meta property=\"og:image\" content=\"https:\/\/novafrigo.it\/wp-content\/uploads\/2025\/01\/NTCI-NTCO.jpg\" \/>\n\t<meta property=\"og:image:width\" content=\"1200\" \/>\n\t<meta property=\"og:image:height\" content=\"1200\" \/>\n\t<meta property=\"og:image:type\" content=\"image\/jpeg\" \/>\n<meta name=\"twitter:card\" content=\"summary_large_image\" \/>\n<script type=\"application\/ld+json\" class=\"yoast-schema-graph\">{\"@context\":\"https:\\\/\\\/schema.org\",\"@graph\":[{\"@type\":\"WebPage\",\"@id\":\"https:\\\/\\\/novafrigo.it\\\/es\\\/producto\\\/ntco-termorreguladores-de-aceite-200c-300c\\\/\",\"url\":\"https:\\\/\\\/novafrigo.it\\\/es\\\/producto\\\/ntco-termorreguladores-de-aceite-200c-300c\\\/\",\"name\":\"NTCO: Termorreguladores de aceite 200\u00b0C - 300\u00b0C - Novafrigo\",\"isPartOf\":{\"@id\":\"https:\\\/\\\/novafrigo.it\\\/es\\\/#website\"},\"primaryImageOfPage\":{\"@id\":\"https:\\\/\\\/novafrigo.it\\\/es\\\/producto\\\/ntco-termorreguladores-de-aceite-200c-300c\\\/#primaryimage\"},\"image\":{\"@id\":\"https:\\\/\\\/novafrigo.it\\\/es\\\/producto\\\/ntco-termorreguladores-de-aceite-200c-300c\\\/#primaryimage\"},\"thumbnailUrl\":\"https:\\\/\\\/novafrigo.it\\\/wp-content\\\/uploads\\\/2025\\\/01\\\/NTCI-NTCO.jpg\",\"datePublished\":\"2024-06-28T09:05:21+00:00\",\"dateModified\":\"2025-01-31T11:14:41+00:00\",\"breadcrumb\":{\"@id\":\"https:\\\/\\\/novafrigo.it\\\/es\\\/producto\\\/ntco-termorreguladores-de-aceite-200c-300c\\\/#breadcrumb\"},\"inLanguage\":\"es\",\"potentialAction\":[{\"@type\":\"ReadAction\",\"target\":[\"https:\\\/\\\/novafrigo.it\\\/es\\\/producto\\\/ntco-termorreguladores-de-aceite-200c-300c\\\/\"]}]},{\"@type\":\"ImageObject\",\"inLanguage\":\"es\",\"@id\":\"https:\\\/\\\/novafrigo.it\\\/es\\\/producto\\\/ntco-termorreguladores-de-aceite-200c-300c\\\/#primaryimage\",\"url\":\"https:\\\/\\\/novafrigo.it\\\/wp-content\\\/uploads\\\/2025\\\/01\\\/NTCI-NTCO.jpg\",\"contentUrl\":\"https:\\\/\\\/novafrigo.it\\\/wp-content\\\/uploads\\\/2025\\\/01\\\/NTCI-NTCO.jpg\",\"width\":1200,\"height\":1200},{\"@type\":\"BreadcrumbList\",\"@id\":\"https:\\\/\\\/novafrigo.it\\\/es\\\/producto\\\/ntco-termorreguladores-de-aceite-200c-300c\\\/#breadcrumb\",\"itemListElement\":[{\"@type\":\"ListItem\",\"position\":1,\"name\":\"Home\",\"item\":\"https:\\\/\\\/novafrigo.it\\\/es\\\/\"},{\"@type\":\"ListItem\",\"position\":2,\"name\":\"Shop\",\"item\":\"https:\\\/\\\/novafrigo.it\\\/negozio\\\/\"},{\"@type\":\"ListItem\",\"position\":3,\"name\":\"NTCO: Termorreguladores de aceite 200\u00b0C &#8211; 300\u00b0C\"}]},{\"@type\":\"WebSite\",\"@id\":\"https:\\\/\\\/novafrigo.it\\\/es\\\/#website\",\"url\":\"https:\\\/\\\/novafrigo.it\\\/es\\\/\",\"name\":\"Novafrigo\",\"description\":\"Industrial Refrigeration\",\"publisher\":{\"@id\":\"https:\\\/\\\/novafrigo.it\\\/es\\\/#organization\"},\"potentialAction\":[{\"@type\":\"SearchAction\",\"target\":{\"@type\":\"EntryPoint\",\"urlTemplate\":\"https:\\\/\\\/novafrigo.it\\\/es\\\/?s={search_term_string}\"},\"query-input\":{\"@type\":\"PropertyValueSpecification\",\"valueRequired\":true,\"valueName\":\"search_term_string\"}}],\"inLanguage\":\"es\"},{\"@type\":\"Organization\",\"@id\":\"https:\\\/\\\/novafrigo.it\\\/es\\\/#organization\",\"name\":\"Nova Frigo\",\"url\":\"https:\\\/\\\/novafrigo.it\\\/es\\\/\",\"logo\":{\"@type\":\"ImageObject\",\"inLanguage\":\"es\",\"@id\":\"https:\\\/\\\/novafrigo.it\\\/es\\\/#\\\/schema\\\/logo\\\/image\\\/\",\"url\":\"https:\\\/\\\/novafrigo.it\\\/wp-content\\\/uploads\\\/2024\\\/05\\\/favicon-apple.png\",\"contentUrl\":\"https:\\\/\\\/novafrigo.it\\\/wp-content\\\/uploads\\\/2024\\\/05\\\/favicon-apple.png\",\"width\":180,\"height\":180,\"caption\":\"Nova Frigo\"},\"image\":{\"@id\":\"https:\\\/\\\/novafrigo.it\\\/es\\\/#\\\/schema\\\/logo\\\/image\\\/\"},\"sameAs\":[\"https:\\\/\\\/www.linkedin.com\\\/in\\\/nova-frigo-engineering\\\/\"]}]}<\/script>\n<!-- \/ Yoast SEO plugin. -->","yoast_head_json":{"title":"NTCO: Termorreguladores de aceite 200\u00b0C - 300\u00b0C - Novafrigo","robots":{"index":"index","follow":"follow","max-snippet":"max-snippet:-1","max-image-preview":"max-image-preview:large","max-video-preview":"max-video-preview:-1"},"canonical":"https:\/\/novafrigo.it\/es\/producto\/ntco-termorreguladores-de-aceite-200c-300c\/","og_locale":"es_ES","og_type":"article","og_title":"NTCO: Termorreguladores de aceite 200\u00b0C - 300\u00b0C - Novafrigo","og_description":"Los termorreguladores de aceite de la serie NTCO est\u00e1n dise\u00f1ados para el calentamiento y la termorregulaci\u00f3n de moldes y cilindros con temperaturas de operaci\u00f3n de 200\u00b0C y 300\u00b0C.  Se utilizan en numerosas aplicaciones industriales en los sectores del pl\u00e1stico, caucho, fundici\u00f3n a presi\u00f3n, y garantizan una temperatura constante para el usuario con un funcionamiento completamente autom\u00e1tico.  El dise\u00f1o cuidadoso ha permitido lograr una excelente estabilidad de la temperatura establecida gracias al uso de componentes espec\u00edficos de regulaci\u00f3n que, con su acci\u00f3n combinada, permiten restablecer r\u00e1pida y precisamente la temperatura al valor de set-point.  Todos los termorreguladores de Nova Frigo pueden conectarse en serie con un enfriador, y en este caso se obtiene un circuito cerrado de enfriamiento con consumo cero de agua.","og_url":"https:\/\/novafrigo.it\/es\/producto\/ntco-termorreguladores-de-aceite-200c-300c\/","og_site_name":"Novafrigo","article_modified_time":"2025-01-31T11:14:41+00:00","og_image":[{"width":1200,"height":1200,"url":"https:\/\/novafrigo.it\/wp-content\/uploads\/2025\/01\/NTCI-NTCO.jpg","type":"image\/jpeg"}],"twitter_card":"summary_large_image","schema":{"@context":"https:\/\/schema.org","@graph":[{"@type":"WebPage","@id":"https:\/\/novafrigo.it\/es\/producto\/ntco-termorreguladores-de-aceite-200c-300c\/","url":"https:\/\/novafrigo.it\/es\/producto\/ntco-termorreguladores-de-aceite-200c-300c\/","name":"NTCO: Termorreguladores de aceite 200\u00b0C - 300\u00b0C - Novafrigo","isPartOf":{"@id":"https:\/\/novafrigo.it\/es\/#website"},"primaryImageOfPage":{"@id":"https:\/\/novafrigo.it\/es\/producto\/ntco-termorreguladores-de-aceite-200c-300c\/#primaryimage"},"image":{"@id":"https:\/\/novafrigo.it\/es\/producto\/ntco-termorreguladores-de-aceite-200c-300c\/#primaryimage"},"thumbnailUrl":"https:\/\/novafrigo.it\/wp-content\/uploads\/2025\/01\/NTCI-NTCO.jpg","datePublished":"2024-06-28T09:05:21+00:00","dateModified":"2025-01-31T11:14:41+00:00","breadcrumb":{"@id":"https:\/\/novafrigo.it\/es\/producto\/ntco-termorreguladores-de-aceite-200c-300c\/#breadcrumb"},"inLanguage":"es","potentialAction":[{"@type":"ReadAction","target":["https:\/\/novafrigo.it\/es\/producto\/ntco-termorreguladores-de-aceite-200c-300c\/"]}]},{"@type":"ImageObject","inLanguage":"es","@id":"https:\/\/novafrigo.it\/es\/producto\/ntco-termorreguladores-de-aceite-200c-300c\/#primaryimage","url":"https:\/\/novafrigo.it\/wp-content\/uploads\/2025\/01\/NTCI-NTCO.jpg","contentUrl":"https:\/\/novafrigo.it\/wp-content\/uploads\/2025\/01\/NTCI-NTCO.jpg","width":1200,"height":1200},{"@type":"BreadcrumbList","@id":"https:\/\/novafrigo.it\/es\/producto\/ntco-termorreguladores-de-aceite-200c-300c\/#breadcrumb","itemListElement":[{"@type":"ListItem","position":1,"name":"Home","item":"https:\/\/novafrigo.it\/es\/"},{"@type":"ListItem","position":2,"name":"Shop","item":"https:\/\/novafrigo.it\/negozio\/"},{"@type":"ListItem","position":3,"name":"NTCO: Termorreguladores de aceite 200\u00b0C &#8211; 300\u00b0C"}]},{"@type":"WebSite","@id":"https:\/\/novafrigo.it\/es\/#website","url":"https:\/\/novafrigo.it\/es\/","name":"Novafrigo","description":"Industrial Refrigeration","publisher":{"@id":"https:\/\/novafrigo.it\/es\/#organization"},"potentialAction":[{"@type":"SearchAction","target":{"@type":"EntryPoint","urlTemplate":"https:\/\/novafrigo.it\/es\/?s={search_term_string}"},"query-input":{"@type":"PropertyValueSpecification","valueRequired":true,"valueName":"search_term_string"}}],"inLanguage":"es"},{"@type":"Organization","@id":"https:\/\/novafrigo.it\/es\/#organization","name":"Nova Frigo","url":"https:\/\/novafrigo.it\/es\/","logo":{"@type":"ImageObject","inLanguage":"es","@id":"https:\/\/novafrigo.it\/es\/#\/schema\/logo\/image\/","url":"https:\/\/novafrigo.it\/wp-content\/uploads\/2024\/05\/favicon-apple.png","contentUrl":"https:\/\/novafrigo.it\/wp-content\/uploads\/2024\/05\/favicon-apple.png","width":180,"height":180,"caption":"Nova Frigo"},"image":{"@id":"https:\/\/novafrigo.it\/es\/#\/schema\/logo\/image\/"},"sameAs":["https:\/\/www.linkedin.com\/in\/nova-frigo-engineering\/"]}]}},"_links":{"self":[{"href":"https:\/\/novafrigo.it\/es\/wp-json\/wp\/v2\/product\/9662","targetHints":{"allow":["GET"]}}],"collection":[{"href":"https:\/\/novafrigo.it\/es\/wp-json\/wp\/v2\/product"}],"about":[{"href":"https:\/\/novafrigo.it\/es\/wp-json\/wp\/v2\/types\/product"}],"wp:featuredmedia":[{"embeddable":true,"href":"https:\/\/novafrigo.it\/es\/wp-json\/wp\/v2\/media\/9656"}],"wp:attachment":[{"href":"https:\/\/novafrigo.it\/es\/wp-json\/wp\/v2\/media?parent=9662"}],"wp:term":[{"taxonomy":"product_brand","embeddable":true,"href":"https:\/\/novafrigo.it\/es\/wp-json\/wp\/v2\/product_brand?post=9662"},{"taxonomy":"product_cat","embeddable":true,"href":"https:\/\/novafrigo.it\/es\/wp-json\/wp\/v2\/product_cat?post=9662"},{"taxonomy":"product_tag","embeddable":true,"href":"https:\/\/novafrigo.it\/es\/wp-json\/wp\/v2\/product_tag?post=9662"}],"curies":[{"name":"wp","href":"https:\/\/api.w.org\/{rel}","templated":true}]}}