{"id":10091,"date":"2025-06-13T15:39:06","date_gmt":"2025-06-13T13:39:06","guid":{"rendered":"https:\/\/novafrigo.it\/prodotto\/ref290-gama-de-enfriadores-de-liquido-refrigerado-por-aire\/"},"modified":"2025-07-31T16:44:41","modified_gmt":"2025-07-31T14:44:41","slug":"ref290-gama-de-enfriadores-de-liquido-refrigerado-por-aire","status":"publish","type":"product","link":"https:\/\/novafrigo.it\/es\/producto\/ref290-gama-de-enfriadores-de-liquido-refrigerado-por-aire\/","title":{"rendered":"REF290 &#8211; Gama de enfriadores de l\u00edquido refrigerado por aire"},"content":{"rendered":"<a class=\"button  button_left button_full_width button_size_1\" href=\"https:\/\/novafrigo.it\/wp-content\/uploads\/2025\/06\/REF290_BROCHURE.pdf\"     target=\"_blank\"    title=\"\"><span class=\"button_icon\"><i class=\"fas fa-file-pdf\"  aria-hidden=\"true\"><\/i><\/span><span class=\"button_label\">Descarga el folleto<\/span><\/a>\n\n<a class=\"button  button_full_width button_size_1\" href=\"https:\/\/novafrigo.ideasw.net\/NovaFrigo\/Account\/Login?ReturnUrl=%2FNovaFrigo%2F\"     target=\"_blank\"    title=\"\"><span class=\"button_label\">V\u00e8 al Software de Seleccion<\/span><\/a>\n\n","protected":false},"excerpt":{"rendered":"<p>La gama de enfriadores R290, desarrollada por Nova Frigo Engineering, est\u00e1 compuesta por enfriadores de <strong>l\u00edquido refrigerados por aire con una alta eficiencia energ\u00e9tica.<\/strong><\/p>\n<ul>\n<li>La gama RMP\/RMV ha sido dise\u00f1ada para enfriar un l\u00edquido destinado a la refrigeraci\u00f3n de c\u00e1maras frigor\u00edficas mediante intercambiadores de salmuera, as\u00ed como para procesos de baja temperatura.<\/li>\n<li>Por otro lado, la gama RCP\/RCV ha sido concebida para aplicaciones de refrigeraci\u00f3n de procesos y climatizaci\u00f3n en entornos civiles e industriales.<\/li>\n<\/ul>\n","protected":false},"featured_media":10094,"template":"","meta":[],"product_brand":[],"product_cat":[185],"product_tag":[],"class_list":{"0":"post-10091","1":"product","2":"type-product","3":"status-publish","4":"has-post-thumbnail","6":"product_cat-refrigeracion-industrial","8":"first","9":"instock","10":"shipping-taxable","11":"product-type-simple"},"yoast_head":"<!-- This site is optimized with the Yoast SEO plugin v27.3 - https:\/\/yoast.com\/product\/yoast-seo-wordpress\/ -->\n<title>REF290 - Gama de enfriadores de l\u00edquido refrigerado por aire - Novafrigo<\/title>\n<meta name=\"description\" content=\"La gama de enfriadores R290, desarrollada por Nova Frigo Engineering, est\u00e1 compuesta por enfriadores de l\u00edquido refrigerados por aire con una alta eficiencia energ\u00e9tica.\" \/>\n<meta name=\"robots\" content=\"index, follow, max-snippet:-1, max-image-preview:large, max-video-preview:-1\" \/>\n<link rel=\"canonical\" href=\"https:\/\/novafrigo.it\/es\/producto\/ref290-gama-de-enfriadores-de-liquido-refrigerado-por-aire\/\" \/>\n<meta property=\"og:locale\" content=\"es_ES\" \/>\n<meta property=\"og:type\" content=\"article\" \/>\n<meta property=\"og:title\" content=\"REF290 - Gama de enfriadores de l\u00edquido refrigerado por aire - Novafrigo\" \/>\n<meta property=\"og:description\" content=\"La gama de enfriadores R290, desarrollada por Nova Frigo Engineering, est\u00e1 compuesta por enfriadores de l\u00edquido refrigerados por aire con una alta eficiencia energ\u00e9tica.\" \/>\n<meta property=\"og:url\" content=\"https:\/\/novafrigo.it\/es\/producto\/ref290-gama-de-enfriadores-de-liquido-refrigerado-por-aire\/\" \/>\n<meta property=\"og:site_name\" content=\"Novafrigo\" \/>\n<meta property=\"article:modified_time\" content=\"2025-07-31T14:44:41+00:00\" \/>\n<meta property=\"og:image\" content=\"https:\/\/novafrigo.it\/wp-content\/uploads\/2025\/06\/REF290-1.jpg\" \/>\n\t<meta property=\"og:image:width\" content=\"1500\" \/>\n\t<meta property=\"og:image:height\" content=\"1500\" \/>\n\t<meta property=\"og:image:type\" content=\"image\/jpeg\" \/>\n<meta name=\"twitter:card\" content=\"summary_large_image\" \/>\n<script type=\"application\/ld+json\" class=\"yoast-schema-graph\">{\"@context\":\"https:\\\/\\\/schema.org\",\"@graph\":[{\"@type\":\"WebPage\",\"@id\":\"https:\\\/\\\/novafrigo.it\\\/es\\\/producto\\\/ref290-gama-de-enfriadores-de-liquido-refrigerado-por-aire\\\/\",\"url\":\"https:\\\/\\\/novafrigo.it\\\/es\\\/producto\\\/ref290-gama-de-enfriadores-de-liquido-refrigerado-por-aire\\\/\",\"name\":\"REF290 - Gama de enfriadores de l\u00edquido refrigerado por aire - Novafrigo\",\"isPartOf\":{\"@id\":\"https:\\\/\\\/novafrigo.it\\\/es\\\/#website\"},\"primaryImageOfPage\":{\"@id\":\"https:\\\/\\\/novafrigo.it\\\/es\\\/producto\\\/ref290-gama-de-enfriadores-de-liquido-refrigerado-por-aire\\\/#primaryimage\"},\"image\":{\"@id\":\"https:\\\/\\\/novafrigo.it\\\/es\\\/producto\\\/ref290-gama-de-enfriadores-de-liquido-refrigerado-por-aire\\\/#primaryimage\"},\"thumbnailUrl\":\"https:\\\/\\\/novafrigo.it\\\/wp-content\\\/uploads\\\/2025\\\/06\\\/REF290-1.jpg\",\"datePublished\":\"2025-06-13T13:39:06+00:00\",\"dateModified\":\"2025-07-31T14:44:41+00:00\",\"description\":\"La gama de enfriadores R290, desarrollada por Nova Frigo Engineering, est\u00e1 compuesta por enfriadores de l\u00edquido refrigerados por aire con una alta eficiencia energ\u00e9tica.\",\"breadcrumb\":{\"@id\":\"https:\\\/\\\/novafrigo.it\\\/es\\\/producto\\\/ref290-gama-de-enfriadores-de-liquido-refrigerado-por-aire\\\/#breadcrumb\"},\"inLanguage\":\"es\",\"potentialAction\":[{\"@type\":\"ReadAction\",\"target\":[\"https:\\\/\\\/novafrigo.it\\\/es\\\/producto\\\/ref290-gama-de-enfriadores-de-liquido-refrigerado-por-aire\\\/\"]}]},{\"@type\":\"ImageObject\",\"inLanguage\":\"es\",\"@id\":\"https:\\\/\\\/novafrigo.it\\\/es\\\/producto\\\/ref290-gama-de-enfriadores-de-liquido-refrigerado-por-aire\\\/#primaryimage\",\"url\":\"https:\\\/\\\/novafrigo.it\\\/wp-content\\\/uploads\\\/2025\\\/06\\\/REF290-1.jpg\",\"contentUrl\":\"https:\\\/\\\/novafrigo.it\\\/wp-content\\\/uploads\\\/2025\\\/06\\\/REF290-1.jpg\",\"width\":1500,\"height\":1500},{\"@type\":\"BreadcrumbList\",\"@id\":\"https:\\\/\\\/novafrigo.it\\\/es\\\/producto\\\/ref290-gama-de-enfriadores-de-liquido-refrigerado-por-aire\\\/#breadcrumb\",\"itemListElement\":[{\"@type\":\"ListItem\",\"position\":1,\"name\":\"Home\",\"item\":\"https:\\\/\\\/novafrigo.it\\\/es\\\/\"},{\"@type\":\"ListItem\",\"position\":2,\"name\":\"Shop\",\"item\":\"https:\\\/\\\/novafrigo.it\\\/negozio\\\/\"},{\"@type\":\"ListItem\",\"position\":3,\"name\":\"REF290 &#8211; Gama de enfriadores de l\u00edquido refrigerado por aire\"}]},{\"@type\":\"WebSite\",\"@id\":\"https:\\\/\\\/novafrigo.it\\\/es\\\/#website\",\"url\":\"https:\\\/\\\/novafrigo.it\\\/es\\\/\",\"name\":\"Novafrigo\",\"description\":\"Industrial Refrigeration\",\"publisher\":{\"@id\":\"https:\\\/\\\/novafrigo.it\\\/es\\\/#organization\"},\"potentialAction\":[{\"@type\":\"SearchAction\",\"target\":{\"@type\":\"EntryPoint\",\"urlTemplate\":\"https:\\\/\\\/novafrigo.it\\\/es\\\/?s={search_term_string}\"},\"query-input\":{\"@type\":\"PropertyValueSpecification\",\"valueRequired\":true,\"valueName\":\"search_term_string\"}}],\"inLanguage\":\"es\"},{\"@type\":\"Organization\",\"@id\":\"https:\\\/\\\/novafrigo.it\\\/es\\\/#organization\",\"name\":\"Nova Frigo\",\"url\":\"https:\\\/\\\/novafrigo.it\\\/es\\\/\",\"logo\":{\"@type\":\"ImageObject\",\"inLanguage\":\"es\",\"@id\":\"https:\\\/\\\/novafrigo.it\\\/es\\\/#\\\/schema\\\/logo\\\/image\\\/\",\"url\":\"https:\\\/\\\/novafrigo.it\\\/wp-content\\\/uploads\\\/2024\\\/05\\\/favicon-apple.png\",\"contentUrl\":\"https:\\\/\\\/novafrigo.it\\\/wp-content\\\/uploads\\\/2024\\\/05\\\/favicon-apple.png\",\"width\":180,\"height\":180,\"caption\":\"Nova Frigo\"},\"image\":{\"@id\":\"https:\\\/\\\/novafrigo.it\\\/es\\\/#\\\/schema\\\/logo\\\/image\\\/\"},\"sameAs\":[\"https:\\\/\\\/www.linkedin.com\\\/in\\\/nova-frigo-engineering\\\/\"]}]}<\/script>\n<!-- \/ Yoast SEO plugin. -->","yoast_head_json":{"title":"REF290 - Gama de enfriadores de l\u00edquido refrigerado por aire - Novafrigo","description":"La gama de enfriadores R290, desarrollada por Nova Frigo Engineering, est\u00e1 compuesta por enfriadores de l\u00edquido refrigerados por aire con una alta eficiencia energ\u00e9tica.","robots":{"index":"index","follow":"follow","max-snippet":"max-snippet:-1","max-image-preview":"max-image-preview:large","max-video-preview":"max-video-preview:-1"},"canonical":"https:\/\/novafrigo.it\/es\/producto\/ref290-gama-de-enfriadores-de-liquido-refrigerado-por-aire\/","og_locale":"es_ES","og_type":"article","og_title":"REF290 - Gama de enfriadores de l\u00edquido refrigerado por aire - Novafrigo","og_description":"La gama de enfriadores R290, desarrollada por Nova Frigo Engineering, est\u00e1 compuesta por enfriadores de l\u00edquido refrigerados por aire con una alta eficiencia energ\u00e9tica.","og_url":"https:\/\/novafrigo.it\/es\/producto\/ref290-gama-de-enfriadores-de-liquido-refrigerado-por-aire\/","og_site_name":"Novafrigo","article_modified_time":"2025-07-31T14:44:41+00:00","og_image":[{"width":1500,"height":1500,"url":"https:\/\/novafrigo.it\/wp-content\/uploads\/2025\/06\/REF290-1.jpg","type":"image\/jpeg"}],"twitter_card":"summary_large_image","schema":{"@context":"https:\/\/schema.org","@graph":[{"@type":"WebPage","@id":"https:\/\/novafrigo.it\/es\/producto\/ref290-gama-de-enfriadores-de-liquido-refrigerado-por-aire\/","url":"https:\/\/novafrigo.it\/es\/producto\/ref290-gama-de-enfriadores-de-liquido-refrigerado-por-aire\/","name":"REF290 - Gama de enfriadores de l\u00edquido refrigerado por aire - Novafrigo","isPartOf":{"@id":"https:\/\/novafrigo.it\/es\/#website"},"primaryImageOfPage":{"@id":"https:\/\/novafrigo.it\/es\/producto\/ref290-gama-de-enfriadores-de-liquido-refrigerado-por-aire\/#primaryimage"},"image":{"@id":"https:\/\/novafrigo.it\/es\/producto\/ref290-gama-de-enfriadores-de-liquido-refrigerado-por-aire\/#primaryimage"},"thumbnailUrl":"https:\/\/novafrigo.it\/wp-content\/uploads\/2025\/06\/REF290-1.jpg","datePublished":"2025-06-13T13:39:06+00:00","dateModified":"2025-07-31T14:44:41+00:00","description":"La gama de enfriadores R290, desarrollada por Nova Frigo Engineering, est\u00e1 compuesta por enfriadores de l\u00edquido refrigerados por aire con una alta eficiencia energ\u00e9tica.","breadcrumb":{"@id":"https:\/\/novafrigo.it\/es\/producto\/ref290-gama-de-enfriadores-de-liquido-refrigerado-por-aire\/#breadcrumb"},"inLanguage":"es","potentialAction":[{"@type":"ReadAction","target":["https:\/\/novafrigo.it\/es\/producto\/ref290-gama-de-enfriadores-de-liquido-refrigerado-por-aire\/"]}]},{"@type":"ImageObject","inLanguage":"es","@id":"https:\/\/novafrigo.it\/es\/producto\/ref290-gama-de-enfriadores-de-liquido-refrigerado-por-aire\/#primaryimage","url":"https:\/\/novafrigo.it\/wp-content\/uploads\/2025\/06\/REF290-1.jpg","contentUrl":"https:\/\/novafrigo.it\/wp-content\/uploads\/2025\/06\/REF290-1.jpg","width":1500,"height":1500},{"@type":"BreadcrumbList","@id":"https:\/\/novafrigo.it\/es\/producto\/ref290-gama-de-enfriadores-de-liquido-refrigerado-por-aire\/#breadcrumb","itemListElement":[{"@type":"ListItem","position":1,"name":"Home","item":"https:\/\/novafrigo.it\/es\/"},{"@type":"ListItem","position":2,"name":"Shop","item":"https:\/\/novafrigo.it\/negozio\/"},{"@type":"ListItem","position":3,"name":"REF290 &#8211; Gama de enfriadores de l\u00edquido refrigerado por aire"}]},{"@type":"WebSite","@id":"https:\/\/novafrigo.it\/es\/#website","url":"https:\/\/novafrigo.it\/es\/","name":"Novafrigo","description":"Industrial Refrigeration","publisher":{"@id":"https:\/\/novafrigo.it\/es\/#organization"},"potentialAction":[{"@type":"SearchAction","target":{"@type":"EntryPoint","urlTemplate":"https:\/\/novafrigo.it\/es\/?s={search_term_string}"},"query-input":{"@type":"PropertyValueSpecification","valueRequired":true,"valueName":"search_term_string"}}],"inLanguage":"es"},{"@type":"Organization","@id":"https:\/\/novafrigo.it\/es\/#organization","name":"Nova Frigo","url":"https:\/\/novafrigo.it\/es\/","logo":{"@type":"ImageObject","inLanguage":"es","@id":"https:\/\/novafrigo.it\/es\/#\/schema\/logo\/image\/","url":"https:\/\/novafrigo.it\/wp-content\/uploads\/2024\/05\/favicon-apple.png","contentUrl":"https:\/\/novafrigo.it\/wp-content\/uploads\/2024\/05\/favicon-apple.png","width":180,"height":180,"caption":"Nova Frigo"},"image":{"@id":"https:\/\/novafrigo.it\/es\/#\/schema\/logo\/image\/"},"sameAs":["https:\/\/www.linkedin.com\/in\/nova-frigo-engineering\/"]}]}},"_links":{"self":[{"href":"https:\/\/novafrigo.it\/es\/wp-json\/wp\/v2\/product\/10091","targetHints":{"allow":["GET"]}}],"collection":[{"href":"https:\/\/novafrigo.it\/es\/wp-json\/wp\/v2\/product"}],"about":[{"href":"https:\/\/novafrigo.it\/es\/wp-json\/wp\/v2\/types\/product"}],"wp:featuredmedia":[{"embeddable":true,"href":"https:\/\/novafrigo.it\/es\/wp-json\/wp\/v2\/media\/10094"}],"wp:attachment":[{"href":"https:\/\/novafrigo.it\/es\/wp-json\/wp\/v2\/media?parent=10091"}],"wp:term":[{"taxonomy":"product_brand","embeddable":true,"href":"https:\/\/novafrigo.it\/es\/wp-json\/wp\/v2\/product_brand?post=10091"},{"taxonomy":"product_cat","embeddable":true,"href":"https:\/\/novafrigo.it\/es\/wp-json\/wp\/v2\/product_cat?post=10091"},{"taxonomy":"product_tag","embeddable":true,"href":"https:\/\/novafrigo.it\/es\/wp-json\/wp\/v2\/product_tag?post=10091"}],"curies":[{"name":"wp","href":"https:\/\/api.w.org\/{rel}","templated":true}]}}